{"id":3929,"date":"2017-04-04T10:39:58","date_gmt":"2017-04-04T08:39:58","guid":{"rendered":"https:\/\/www.chronoflex.ch\/\/actualites\/"},"modified":"2022-06-02T09:45:12","modified_gmt":"2022-06-02T07:45:12","slug":"attualita","status":"publish","type":"page","link":"https:\/\/www.chronoflex.ch\/it\/attualita\/","title":{"rendered":"Attualit\u00e0"},"content":{"rendered":"<p>[et_pb_section fb_built=&#8221;1&#8243; module_class=&#8221;flex-center&#8221; _builder_version=&#8221;4.14.7&#8243; _module_preset=&#8221;default&#8221; background_image=&#8221;https:\/\/www.chronoflex.ch\/\/wp-content\/uploads\/2021\/09\/InkedBus_LI.jpg&#8221; height=&#8221;40vh&#8221; global_colors_info=&#8221;{}&#8221;][et_pb_row _builder_version=&#8221;4.14.7&#8243; _module_preset=&#8221;default&#8221; positioning=&#8221;absolute&#8221; position_origin_a=&#8221;center_center&#8221; global_colors_info=&#8221;{}&#8221;][et_pb_column type=&#8221;4_4&#8243; _builder_version=&#8221;4.14.7&#8243; _module_preset=&#8221;default&#8221; global_colors_info=&#8221;{}&#8221;][et_pb_text _builder_version=&#8221;4.14.7&#8243; _module_preset=&#8221;default&#8221; header_text_align=&#8221;right&#8221; header_text_color=&#8221;#004588&#8243; background_color=&#8221;#FFFFFF&#8221; positioning=&#8221;absolute&#8221; position_origin_a=&#8221;center_center&#8221; custom_padding=&#8221;1%|5%|0%|5%|false|false&#8221; border_width_bottom=&#8221;3px&#8221; border_color_bottom=&#8221;#ab0f15&#8243; global_colors_info=&#8221;{}&#8221;]<\/p>\n<h1 style=\"text-align: center;\"><strong>Attualit\u00e0<\/strong><\/h1>\n<p>[\/et_pb_text][\/et_pb_column][\/et_pb_row][\/et_pb_section][et_pb_section fb_built=&#8221;1&#8243; _builder_version=&#8221;4.14.7&#8243; _module_preset=&#8221;default&#8221; global_colors_info=&#8221;{}&#8221;][et_pb_row _builder_version=&#8221;4.14.7&#8243; _module_preset=&#8221;default&#8221; global_colors_info=&#8221;{}&#8221;][et_pb_column type=&#8221;4_4&#8243; _builder_version=&#8221;4.14.7&#8243; _module_preset=&#8221;default&#8221; global_colors_info=&#8221;{}&#8221;][et_pb_blog fullwidth=&#8221;off&#8221; show_author=&#8221;off&#8221; show_date=&#8221;off&#8221; show_categories=&#8221;off&#8221; _builder_version=&#8221;4.14.7&#8243; _module_preset=&#8221;default&#8221; header_font=&#8221;|700|||||||&#8221; global_colors_info=&#8221;{}&#8221;][\/et_pb_blog][\/et_pb_column][\/et_pb_row][\/et_pb_section][et_pb_section fb_built=&#8221;1&#8243; _builder_version=&#8221;4.14.7&#8243; _module_preset=&#8221;default&#8221; background_color=&#8221;rgba(0,35,7,0.13)&#8221; background_image=&#8221;https:\/\/www.chronoflex.ch\/\/wp-content\/uploads\/2022\/03\/Carte-CHRONOFlex-Suisse.jpg&#8221; min_height=&#8221;370px&#8221; custom_padding=&#8221;0px||0px||false|false&#8221; saved_tabs=&#8221;all&#8221; global_colors_info=&#8221;{}&#8221;][et_pb_row _builder_version=&#8221;4.14.7&#8243; _module_preset=&#8221;default&#8221; background_color=&#8221;rgba(255,255,255,0.85)&#8221; positioning=&#8221;absolute&#8221; horizontal_offset=&#8221;10%&#8221; width=&#8221;auto&#8221; max_width=&#8221;none&#8221; height=&#8221;100%&#8221; custom_padding=&#8221;2%|3%|2%|3%|false|false&#8221; global_colors_info=&#8221;{}&#8221;][et_pb_column type=&#8221;4_4&#8243; _builder_version=&#8221;4.14.7&#8243; _module_preset=&#8221;default&#8221; global_colors_info=&#8221;{}&#8221;][et_pb_text _builder_version=&#8221;4.14.7&#8243; _module_preset=&#8221;default&#8221; global_colors_info=&#8221;{}&#8221;]<\/p>\n<h2 class=\"Content__title\"><strong>Contactez-nous<br \/><\/strong><span style=\"color: #000000;\">pour plus de d\u00e9tails<\/span><\/h2>\n<div class=\"Contact-infos\">\n<p><a class=\"Contact-infos__desc\" href=\"tel:0848 099 099\"><\/a><\/p>\n<\/div>\n<p>[\/et_pb_text][et_pb_divider color=&#8221;gcid-10934ff7-b0f7-4779-a132-cf876bb4915e&#8221; divider_weight=&#8221;3px&#8221; _builder_version=&#8221;4.14.7&#8243; _module_preset=&#8221;default&#8221; width=&#8221;20%&#8221; module_alignment=&#8221;left&#8221; global_colors_info=&#8221;{%22gcid-10934ff7-b0f7-4779-a132-cf876bb4915e%22:%91%22color%22%93}&#8221;][\/et_pb_divider][et_pb_text _builder_version=&#8221;4.14.7&#8243; _module_preset=&#8221;default&#8221; text_font=&#8221;|600|||||||&#8221; text_text_color=&#8221;#000000&#8243; link_text_color=&#8221;#000000&#8243; global_colors_info=&#8221;{}&#8221;]<\/p>\n<h2 class=\"Content__title\"><\/h2>\n<div class=\"Contact-infos\">\n<p><img loading=\"lazy\" decoding=\"async\" src=\"https:\/\/www.chronoflex.ch\/\/wp-content\/uploads\/2022\/03\/Localisation.svg\" width=\"20\" height=\"20\" alt=\"Adresse\" class=\"wp-image-3421 alignleft size-thumbnail\" \/><span class=\"Contact-infos__desc\">Chronoflex Schweiz AG<br \/>Hasenmattstr. 2<br \/>CH-4900 Langenthal<\/span><\/p>\n<p><i class=\"fa fa-envelope\" aria-hidden=\"true\"><\/i><img loading=\"lazy\" decoding=\"async\" src=\"https:\/\/www.chronoflex.ch\/\/wp-content\/uploads\/2022\/03\/email.svg\" width=\"20\" height=\"20\" alt=\"Email\" class=\"wp-image-3425 alignleft size-thumbnail\" \/><a class=\"Contact-infos__desc\" href=\"mailto:info@chronoflex.ch\">info@chronoflex.ch<\/a><\/p>\n<p><i class=\"fa fa-phone\" aria-hidden=\"true\"><\/i><img loading=\"lazy\" decoding=\"async\" src=\"https:\/\/www.chronoflex.ch\/\/wp-content\/uploads\/2022\/03\/Telephone.svg\" width=\"20\" height=\"20\" alt=\"T\u00e9l\u00e9phone\" class=\"wp-image-3429 alignleft size-thumbnail\" \/><a class=\"Contact-infos__desc\" href=\"tel:0848 099 099\">0848 099 099<\/a><\/p>\n<\/div>\n<p>[\/et_pb_text][\/et_pb_column][\/et_pb_row][\/et_pb_section]<\/p>\n","protected":false},"excerpt":{"rendered":"<p>Attualit\u00e0Contactez-nouspour plus de d\u00e9tails Chronoflex Schweiz AGHasenmattstr. 2CH-4900 Langenthal info@chronoflex.ch 0848 099 099<\/p>\n","protected":false},"author":1,"featured_media":3025,"parent":0,"menu_order":0,"comment_status":"closed","ping_status":"closed","template":"","meta":{"_et_pb_use_builder":"on","_et_pb_old_content":"","_et_gb_content_width":"","footnotes":""},"class_list":["post-3929","page","type-page","status-publish","has-post-thumbnail","hentry"],"yoast_head":"<!-- This site is optimized with the Yoast SEO plugin v27.3 - https:\/\/yoast.com\/product\/yoast-seo-wordpress\/ -->\n<title>Attualit\u00e0 - CHRONO Flex Suisse<\/title>\n<meta name=\"robots\" content=\"index, follow, max-snippet:-1, max-image-preview:large, max-video-preview:-1\" \/>\n<link rel=\"canonical\" href=\"https:\/\/www.chronoflex.ch\/it\/attualita\/\" \/>\n<meta property=\"og:locale\" content=\"it_IT\" \/>\n<meta property=\"og:type\" content=\"article\" \/>\n<meta property=\"og:title\" content=\"Attualit\u00e0 - CHRONO Flex Suisse\" \/>\n<meta property=\"og:description\" content=\"Attualit\u00e0Contactez-nouspour plus de d\u00e9tails Chronoflex Schweiz AGHasenmattstr. 2CH-4900 Langenthal info@chronoflex.ch 0848 099 099\" \/>\n<meta property=\"og:url\" content=\"https:\/\/www.chronoflex.ch\/it\/attualita\/\" \/>\n<meta property=\"og:site_name\" content=\"CHRONO Flex Suisse\" \/>\n<meta property=\"article:modified_time\" content=\"2022-06-02T07:45:12+00:00\" \/>\n<meta property=\"og:image\" content=\"https:\/\/www.chronoflex.ch\/wp-content\/uploads\/2021\/09\/InkedBus_LI-1024x768.jpg\" \/>\n\t<meta property=\"og:image:width\" content=\"1024\" \/>\n\t<meta property=\"og:image:height\" content=\"768\" \/>\n\t<meta property=\"og:image:type\" content=\"image\/jpeg\" \/>\n<meta name=\"twitter:card\" content=\"summary_large_image\" \/>\n<meta name=\"twitter:label1\" content=\"Tempo di lettura stimato\" \/>\n\t<meta name=\"twitter:data1\" content=\"2 minuti\" \/>\n<script type=\"application\/ld+json\" class=\"yoast-schema-graph\">{\"@context\":\"https:\\\/\\\/schema.org\",\"@graph\":[{\"@type\":\"WebPage\",\"@id\":\"https:\\\/\\\/www.chronoflex.ch\\\/it\\\/attualita\\\/\",\"url\":\"https:\\\/\\\/www.chronoflex.ch\\\/it\\\/attualita\\\/\",\"name\":\"Attualit\u00e0 - CHRONO Flex Suisse\",\"isPartOf\":{\"@id\":\"https:\\\/\\\/www.chronoflex.ch\\\/#website\"},\"primaryImageOfPage\":{\"@id\":\"https:\\\/\\\/www.chronoflex.ch\\\/it\\\/attualita\\\/#primaryimage\"},\"image\":{\"@id\":\"https:\\\/\\\/www.chronoflex.ch\\\/it\\\/attualita\\\/#primaryimage\"},\"thumbnailUrl\":\"https:\\\/\\\/www.chronoflex.ch\\\/wp-content\\\/uploads\\\/2021\\\/09\\\/InkedBus_LI.jpg\",\"datePublished\":\"2017-04-04T08:39:58+00:00\",\"dateModified\":\"2022-06-02T07:45:12+00:00\",\"breadcrumb\":{\"@id\":\"https:\\\/\\\/www.chronoflex.ch\\\/it\\\/attualita\\\/#breadcrumb\"},\"inLanguage\":\"it-IT\",\"potentialAction\":[{\"@type\":\"ReadAction\",\"target\":[\"https:\\\/\\\/www.chronoflex.ch\\\/it\\\/attualita\\\/\"]}]},{\"@type\":\"ImageObject\",\"inLanguage\":\"it-IT\",\"@id\":\"https:\\\/\\\/www.chronoflex.ch\\\/it\\\/attualita\\\/#primaryimage\",\"url\":\"https:\\\/\\\/www.chronoflex.ch\\\/wp-content\\\/uploads\\\/2021\\\/09\\\/InkedBus_LI.jpg\",\"contentUrl\":\"https:\\\/\\\/www.chronoflex.ch\\\/wp-content\\\/uploads\\\/2021\\\/09\\\/InkedBus_LI.jpg\",\"width\":4032,\"height\":3024},{\"@type\":\"BreadcrumbList\",\"@id\":\"https:\\\/\\\/www.chronoflex.ch\\\/it\\\/attualita\\\/#breadcrumb\",\"itemListElement\":[{\"@type\":\"ListItem\",\"position\":1,\"name\":\"Home\",\"item\":\"https:\\\/\\\/www.chronoflex.ch\\\/it\\\/\"},{\"@type\":\"ListItem\",\"position\":2,\"name\":\"Attualit\u00e0\"}]},{\"@type\":\"WebSite\",\"@id\":\"https:\\\/\\\/www.chronoflex.ch\\\/#website\",\"url\":\"https:\\\/\\\/www.chronoflex.ch\\\/\",\"name\":\"CHRONO Flex Suisse\",\"description\":\"Flessibili idraulici nel vostro impianto 24h\\\/7gg\",\"potentialAction\":[{\"@type\":\"SearchAction\",\"target\":{\"@type\":\"EntryPoint\",\"urlTemplate\":\"https:\\\/\\\/www.chronoflex.ch\\\/?s={search_term_string}\"},\"query-input\":{\"@type\":\"PropertyValueSpecification\",\"valueRequired\":true,\"valueName\":\"search_term_string\"}}],\"inLanguage\":\"it-IT\"}]}<\/script>\n<!-- \/ Yoast SEO plugin. -->","yoast_head_json":{"title":"Attualit\u00e0 - CHRONO Flex Suisse","robots":{"index":"index","follow":"follow","max-snippet":"max-snippet:-1","max-image-preview":"max-image-preview:large","max-video-preview":"max-video-preview:-1"},"canonical":"https:\/\/www.chronoflex.ch\/it\/attualita\/","og_locale":"it_IT","og_type":"article","og_title":"Attualit\u00e0 - CHRONO Flex Suisse","og_description":"Attualit\u00e0Contactez-nouspour plus de d\u00e9tails Chronoflex Schweiz AGHasenmattstr. 2CH-4900 Langenthal info@chronoflex.ch 0848 099 099","og_url":"https:\/\/www.chronoflex.ch\/it\/attualita\/","og_site_name":"CHRONO Flex Suisse","article_modified_time":"2022-06-02T07:45:12+00:00","og_image":[{"width":1024,"height":768,"url":"https:\/\/www.chronoflex.ch\/wp-content\/uploads\/2021\/09\/InkedBus_LI-1024x768.jpg","type":"image\/jpeg"}],"twitter_card":"summary_large_image","twitter_misc":{"Tempo di lettura stimato":"2 minuti"},"schema":{"@context":"https:\/\/schema.org","@graph":[{"@type":"WebPage","@id":"https:\/\/www.chronoflex.ch\/it\/attualita\/","url":"https:\/\/www.chronoflex.ch\/it\/attualita\/","name":"Attualit\u00e0 - CHRONO Flex Suisse","isPartOf":{"@id":"https:\/\/www.chronoflex.ch\/#website"},"primaryImageOfPage":{"@id":"https:\/\/www.chronoflex.ch\/it\/attualita\/#primaryimage"},"image":{"@id":"https:\/\/www.chronoflex.ch\/it\/attualita\/#primaryimage"},"thumbnailUrl":"https:\/\/www.chronoflex.ch\/wp-content\/uploads\/2021\/09\/InkedBus_LI.jpg","datePublished":"2017-04-04T08:39:58+00:00","dateModified":"2022-06-02T07:45:12+00:00","breadcrumb":{"@id":"https:\/\/www.chronoflex.ch\/it\/attualita\/#breadcrumb"},"inLanguage":"it-IT","potentialAction":[{"@type":"ReadAction","target":["https:\/\/www.chronoflex.ch\/it\/attualita\/"]}]},{"@type":"ImageObject","inLanguage":"it-IT","@id":"https:\/\/www.chronoflex.ch\/it\/attualita\/#primaryimage","url":"https:\/\/www.chronoflex.ch\/wp-content\/uploads\/2021\/09\/InkedBus_LI.jpg","contentUrl":"https:\/\/www.chronoflex.ch\/wp-content\/uploads\/2021\/09\/InkedBus_LI.jpg","width":4032,"height":3024},{"@type":"BreadcrumbList","@id":"https:\/\/www.chronoflex.ch\/it\/attualita\/#breadcrumb","itemListElement":[{"@type":"ListItem","position":1,"name":"Home","item":"https:\/\/www.chronoflex.ch\/it\/"},{"@type":"ListItem","position":2,"name":"Attualit\u00e0"}]},{"@type":"WebSite","@id":"https:\/\/www.chronoflex.ch\/#website","url":"https:\/\/www.chronoflex.ch\/","name":"CHRONO Flex Suisse","description":"Flessibili idraulici nel vostro impianto 24h\/7gg","potentialAction":[{"@type":"SearchAction","target":{"@type":"EntryPoint","urlTemplate":"https:\/\/www.chronoflex.ch\/?s={search_term_string}"},"query-input":{"@type":"PropertyValueSpecification","valueRequired":true,"valueName":"search_term_string"}}],"inLanguage":"it-IT"}]}},"_links":{"self":[{"href":"https:\/\/www.chronoflex.ch\/it\/wp-json\/wp\/v2\/pages\/3929","targetHints":{"allow":["GET"]}}],"collection":[{"href":"https:\/\/www.chronoflex.ch\/it\/wp-json\/wp\/v2\/pages"}],"about":[{"href":"https:\/\/www.chronoflex.ch\/it\/wp-json\/wp\/v2\/types\/page"}],"author":[{"embeddable":true,"href":"https:\/\/www.chronoflex.ch\/it\/wp-json\/wp\/v2\/users\/1"}],"replies":[{"embeddable":true,"href":"https:\/\/www.chronoflex.ch\/it\/wp-json\/wp\/v2\/comments?post=3929"}],"version-history":[{"count":4,"href":"https:\/\/www.chronoflex.ch\/it\/wp-json\/wp\/v2\/pages\/3929\/revisions"}],"predecessor-version":[{"id":3933,"href":"https:\/\/www.chronoflex.ch\/it\/wp-json\/wp\/v2\/pages\/3929\/revisions\/3933"}],"wp:featuredmedia":[{"embeddable":true,"href":"https:\/\/www.chronoflex.ch\/it\/wp-json\/wp\/v2\/media\/3025"}],"wp:attachment":[{"href":"https:\/\/www.chronoflex.ch\/it\/wp-json\/wp\/v2\/media?parent=3929"}],"curies":[{"name":"wp","href":"https:\/\/api.w.org\/{rel}","templated":true}]}}