{"id":3883,"date":"2022-03-16T10:42:58","date_gmt":"2022-03-16T09:42:58","guid":{"rendered":"https:\/\/www.chronoflex.ch\/\/le-nostre-prestazioni-pemplentari\/chrono-solution\/"},"modified":"2022-05-30T16:50:11","modified_gmt":"2022-05-30T14:50:11","slug":"chrono-solution","status":"publish","type":"page","link":"https:\/\/www.chronoflex.ch\/it\/le-nostre-prestazioni-pemplentari\/chrono-solution\/","title":{"rendered":"Chrono Solution"},"content":{"rendered":"<p>[et_pb_section fb_built=&#8221;1&#8243; module_class=&#8221;flex-center&#8221; _builder_version=&#8221;4.14.7&#8243; _module_preset=&#8221;default&#8221; background_image=&#8221;https:\/\/www.chronoflex.ch\/\/wp-content\/uploads\/2021\/12\/Titel.jpg&#8221; height=&#8221;40vh&#8221; global_colors_info=&#8221;{}&#8221;][et_pb_row _builder_version=&#8221;4.14.7&#8243; _module_preset=&#8221;default&#8221; positioning=&#8221;absolute&#8221; position_origin_a=&#8221;center_center&#8221; global_colors_info=&#8221;{}&#8221;][et_pb_column type=&#8221;4_4&#8243; _builder_version=&#8221;4.14.7&#8243; _module_preset=&#8221;default&#8221; global_colors_info=&#8221;{}&#8221;][et_pb_text _builder_version=&#8221;4.14.7&#8243; _module_preset=&#8221;default&#8221; header_text_align=&#8221;right&#8221; header_text_color=&#8221;#004588&#8243; background_color=&#8221;#FFFFFF&#8221; positioning=&#8221;absolute&#8221; position_origin_a=&#8221;center_center&#8221; custom_padding=&#8221;1%|5%|0%|5%|false|false&#8221; border_width_bottom=&#8221;3px&#8221; border_color_bottom=&#8221;#ab0f15&#8243; global_colors_info=&#8221;{}&#8221;]<\/p>\n<h1 style=\"text-align: center;\"><strong>Chrono Solution<\/strong><\/h1>\n<p>[\/et_pb_text][\/et_pb_column][\/et_pb_row][\/et_pb_section][et_pb_section fb_built=&#8221;1&#8243; _builder_version=&#8221;4.14.7&#8243; _module_preset=&#8221;default&#8221; global_colors_info=&#8221;{}&#8221;][et_pb_row _builder_version=&#8221;4.14.7&#8243; _module_preset=&#8221;default&#8221; global_colors_info=&#8221;{}&#8221;][et_pb_column type=&#8221;4_4&#8243; _builder_version=&#8221;4.14.7&#8243; _module_preset=&#8221;default&#8221; global_colors_info=&#8221;{}&#8221;][et_pb_text _builder_version=&#8221;4.14.7&#8243; _module_preset=&#8221;default&#8221; global_colors_info=&#8221;{}&#8221;]<\/p>\n<h2 style=\"text-align: center;\"><strong>Scoprite la nostra soluzione per la vostra officina<\/strong><\/h2>\n<p dir=\"auto\" style=\"text-align: center;\">Riducete i costi e i tempi di fermo nelle vostre officine. Affittando la nostra Chrono Solution avrete a disposizione tutte le attrezzature necessarie per pressare autonomamente i flessibili idraulici in loco. In questo modo si evitano gli spostamenti e i tempi di attesa nel centro idraulico, si lavora autonomamente.<\/p>\n<p dir=\"auto\" style=\"text-align: center;\">[\/et_pb_text][\/et_pb_column][\/et_pb_row][et_pb_row column_structure=&#8221;2_5,3_5&#8243; _builder_version=&#8221;4.14.7&#8243; _module_preset=&#8221;default&#8221; height_tablet=&#8221;&#8221; height_phone=&#8221;&#8221; height_last_edited=&#8221;on|desktop&#8221; locked=&#8221;off&#8221; global_colors_info=&#8221;{}&#8221;][et_pb_column type=&#8221;2_5&#8243; _builder_version=&#8221;4.14.7&#8243; _module_preset=&#8221;default&#8221; global_colors_info=&#8221;{}&#8221;][et_pb_accordion _builder_version=&#8221;4.14.7&#8243; _module_preset=&#8221;default&#8221; global_colors_info=&#8221;{}&#8221;][et_pb_accordion_item title=&#8221;Finite l\u2019attesa, guadagnate l\u2019autonomia!&#8221; open=&#8221;on&#8221; open_toggle_text_color=&#8221;#FFFFFF&#8221; open_toggle_background_color=&#8221;#2d3e50&#8243; closed_toggle_background_color=&#8221;#2d3e50&#8243; icon_color=&#8221;#FFFFFF&#8221; toggle_icon=&#8221;&#xe052;||divi||400&#8243; use_icon_font_size=&#8221;on&#8221; icon_font_size=&#8221;23px&#8221; _builder_version=&#8221;4.14.7&#8243; _module_preset=&#8221;default&#8221; body_font=&#8221;||on||||||&#8221; body_text_color=&#8221;#FFFFFF&#8221; border_radii=&#8221;off|40px|6px|6px|6px&#8221; global_colors_info=&#8221;{}&#8221; toggle_text_color=&#8221;#FFFFFF&#8221; toggle_font=&#8221;|700|||||||&#8221; toggle_font_size=&#8221;18px&#8221; closed_toggle_font=&#8221;|700|||||||&#8221; closed_toggle_font_size=&#8221;17px&#8221;]<\/p>\n<p>Merc\u00e9 alla nostra soluzione direttamente a casa vostra, non \u00e8 pi\u00f9 necessario attendere l\u2019intervento di un tecnico! Non dipendete pi\u00f9 dai tempi di attesa diventando autonomi sui vostri guasti ai flessibili idraulici<\/p>\n<p>[\/et_pb_accordion_item][et_pb_accordion_item title=&#8221;Un servizio di qualit\u00e0&#8221; open_toggle_text_color=&#8221;#FFFFFF&#8221; open_toggle_background_color=&#8221;#2d3e50&#8243; closed_toggle_background_color=&#8221;#2d3e50&#8243; icon_color=&#8221;#FFFFFF&#8221; toggle_icon=&#8221;&#xe052;||divi||400&#8243; use_icon_font_size=&#8221;on&#8221; icon_font_size=&#8221;23px&#8221; _builder_version=&#8221;4.14.7&#8243; _module_preset=&#8221;default&#8221; body_font=&#8221;||on||||||&#8221; body_text_color=&#8221;#FFFFFF&#8221; border_radii=&#8221;off|6px|6px|6px|6px&#8221; global_colors_info=&#8221;{}&#8221; toggle_text_color=&#8221;#FFFFFF&#8221; toggle_font=&#8221;|700|||||||&#8221; toggle_font_size=&#8221;18px&#8221; closed_toggle_font=&#8221;|700|||||||&#8221; closed_toggle_font_size=&#8221;17px&#8221; open=&#8221;off&#8221;]<\/p>\n<ul>\n<li>Soluzione adatta alla flotta di veicoli ed espandibile<\/li>\n<li>Parti di ricambio di alta qualit\u00e0 (Flessibili\/raccordi)<\/li>\n<li>Apparecchiatura a macchina di alta qualit\u00e0<\/li>\n<li>Scorte di deposito<\/li>\n<li>Rifornimento digitale<\/li>\n<li>Controllo della sicurezza delle macchine ogni 2 anni<\/li>\n<li>Supporto rapido da parte dei tecnici<\/li>\n<li>Un Sistema di gestione innovativo<\/li>\n<\/ul>\n<p>[\/et_pb_accordion_item][et_pb_accordion_item title=&#8221;Approfittate delle \u2018esperienza Chronoflex&#8221; open_toggle_text_color=&#8221;#FFFFFF&#8221; open_toggle_background_color=&#8221;#2d3e50&#8243; closed_toggle_background_color=&#8221;#2d3e50&#8243; icon_color=&#8221;#FFFFFF&#8221; toggle_icon=&#8221;&#xe052;||divi||400&#8243; use_icon_font_size=&#8221;on&#8221; icon_font_size=&#8221;23px&#8221; _builder_version=&#8221;4.14.7&#8243; _module_preset=&#8221;default&#8221; body_font=&#8221;||on||||||&#8221; body_text_color=&#8221;#FFFFFF&#8221; border_radii=&#8221;off|6px|6px|6px|6px&#8221; global_colors_info=&#8221;{}&#8221; toggle_text_color=&#8221;#FFFFFF&#8221; toggle_font=&#8221;|700|||||||&#8221; toggle_font_size=&#8221;18px&#8221; closed_toggle_font=&#8221;|700|||||||&#8221; closed_toggle_font_size=&#8221;17px&#8221; open=&#8221;off&#8221;]<\/p>\n<p>Oltre 15 anni di esperienza nel settore idraulico. Approfittate della nostra esperienza nel campo dei tubi idraulici con una formazione professionale dedicata alla soluzione<\/p>\n<p>[\/et_pb_accordion_item][et_pb_accordion_item title=&#8221;Riduzione dei costi e dei tempi di inattivit\u00e0&#8221; open_toggle_text_color=&#8221;#FFFFFF&#8221; open_toggle_background_color=&#8221;#2d3e50&#8243; closed_toggle_background_color=&#8221;#2d3e50&#8243; icon_color=&#8221;#FFFFFF&#8221; toggle_icon=&#8221;&#xe052;||divi||400&#8243; use_icon_font_size=&#8221;on&#8221; icon_font_size=&#8221;23px&#8221; _builder_version=&#8221;4.14.7&#8243; _module_preset=&#8221;default&#8221; body_font=&#8221;||on||||||&#8221; body_text_color=&#8221;#FFFFFF&#8221; border_radii=&#8221;off|6px|6px|6px|6px&#8221; global_colors_info=&#8221;{}&#8221; toggle_text_color=&#8221;#FFFFFF&#8221; toggle_font=&#8221;|700|||||||&#8221; toggle_font_size=&#8221;18px&#8221; closed_toggle_font=&#8221;|700|||||||&#8221; closed_toggle_font_size=&#8221;17px&#8221; open=&#8221;off&#8221;]<\/p>\n<p>Questa offerta vi permetter\u00e0 di risparmiare sui costi legati alle richieste di intervento esterno e sui costi non recuperabili legati all\u2019immobilizzazione delle macchine durante i periodi di inattivit\u00e0<\/p>\n<p>[\/et_pb_accordion_item][et_pb_accordion_item title=&#8221;Un accompagnamento dedicato&#8221; open_toggle_text_color=&#8221;#FFFFFF&#8221; open_toggle_background_color=&#8221;#2d3e50&#8243; closed_toggle_background_color=&#8221;#2d3e50&#8243; icon_color=&#8221;#FFFFFF&#8221; toggle_icon=&#8221;&#xe052;||divi||400&#8243; use_icon_font_size=&#8221;on&#8221; icon_font_size=&#8221;23px&#8221; _builder_version=&#8221;4.14.7&#8243; _module_preset=&#8221;default&#8221; body_font=&#8221;||on||||||&#8221; body_text_color=&#8221;#FFFFFF&#8221; border_radii=&#8221;off|6px|6px|88px|6px&#8221; global_colors_info=&#8221;{}&#8221; toggle_text_color=&#8221;#FFFFFF&#8221; toggle_font=&#8221;|700|||||||&#8221; toggle_font_size=&#8221;18px&#8221; closed_toggle_font=&#8221;|700|||||||&#8221; closed_toggle_font_size=&#8221;17px&#8221; open=&#8221;off&#8221;]<\/p>\n<ul>\n<li>In caso di carenza di personale, possono essere impiegati tecnici<\/li>\n<li>Formazione personalizzata<\/li>\n<li>Assistenza a valle assicurata dai nostri team di esperti<\/li>\n<\/ul>\n<p>[\/et_pb_accordion_item][\/et_pb_accordion][\/et_pb_column][et_pb_column type=&#8221;3_5&#8243; _builder_version=&#8221;4.14.7&#8243; _module_preset=&#8221;default&#8221; background_enable_image=&#8221;off&#8221; global_colors_info=&#8221;{}&#8221;][et_pb_image src=&#8221;https:\/\/www.chronoflex.ch\/\/wp-content\/uploads\/2021\/12\/Titel.jpg&#8221; alt=&#8221;sertissage-flexible-hydraulique-chrono-flex&#8221; title_text=&#8221;sertissage-flexible-hydraulique-chrono-flex&#8221; align=&#8221;center&#8221; _builder_version=&#8221;4.14.7&#8243; _module_preset=&#8221;default&#8221; background_enable_image=&#8221;off&#8221; border_radii=&#8221;on|20px|20px|20px|20px&#8221; global_colors_info=&#8221;{}&#8221;][\/et_pb_image][\/et_pb_column][\/et_pb_row][et_pb_row _builder_version=&#8221;4.14.7&#8243; _module_preset=&#8221;default&#8221; global_colors_info=&#8221;{}&#8221;][et_pb_column type=&#8221;4_4&#8243; _builder_version=&#8221;4.14.7&#8243; _module_preset=&#8221;default&#8221; global_colors_info=&#8221;{}&#8221;][et_pb_text _builder_version=&#8221;4.14.7&#8243; _module_preset=&#8221;default&#8221; global_colors_info=&#8221;{}&#8221;]<\/p>\n<p dir=\"auto\" style=\"text-align: center;\">Chrono Solution \u00e8 disponibile con diverse attrezzature e diverse offerte per soddisfare le vostre esigenze.<\/p>\n<p dir=\"auto\" style=\"text-align: center;\">Vi accompagneremo nella scelta della vostra offerta: <strong>Small, Medium, Large<\/strong> o anche <strong>Extra Large<\/strong>.<\/p>\n<p>[\/et_pb_text][et_pb_text _builder_version=&#8221;4.14.7&#8243; _module_preset=&#8221;default&#8221; global_colors_info=&#8221;{}&#8221;]<\/p>\n<h2 style=\"text-align: center;\"><strong>Le nostre offerte:<\/strong><\/h2>\n<p>[\/et_pb_text][et_pb_pricing_tables _builder_version=&#8221;4.14.7&#8243; _module_preset=&#8221;default&#8221; global_colors_info=&#8221;{}&#8221;][et_pb_pricing_table sum=&#8221;S&#8221; price_background_color=&#8221;rgba(45,62,80,0.29)&#8221; header_background_color=&#8221;rgba(45,62,80,0.29)&#8221; _builder_version=&#8221;4.14.7&#8243; _module_preset=&#8221;default&#8221; price_text_color=&#8221;#FFFFFF&#8221; header_font=&#8221;||||||||&#8221; price_font=&#8221;Ubuntu|500|||||||&#8221; border_radii=&#8221;off|30px|||&#8221; box_shadow_style=&#8221;preset2&#8243; global_colors_info=&#8221;{}&#8221; sticky_transition=&#8221;on&#8221;]<\/p>\n<p>Portacassetti mobile con 4 cassetti<\/p>\n<p>Avvolgitore del flessibile con 5 piastre di avvolgimento<\/p>\n<p>Macchina elettrica per tagliare i flessibili con dispositivo<\/p>\n<p>Aspirazione del fumo<\/p>\n<p>Pressa manuale con testa di pressa rimovibile<\/p>\n<p>Pressaggio fino a 3?4 di pollice, in 2 trecce in acciaio<\/p>\n<p>Stock in deposito adattato<\/p>\n<p>Attrezzatura opzionale<\/p>\n<p>[\/et_pb_pricing_table][et_pb_pricing_table sum=&#8221;M&#8221; price_background_color=&#8221;rgba(45,62,80,0.67)&#8221; header_background_color=&#8221;rgba(45,62,80,0.67)&#8221; _builder_version=&#8221;4.14.7&#8243; _module_preset=&#8221;default&#8221; price_text_color=&#8221;#FFFFFF&#8221; header_font=&#8221;||||||||&#8221; price_font=&#8221;Ubuntu|500|||||||&#8221; border_radii=&#8221;off||||&#8221; box_shadow_style=&#8221;preset2&#8243; global_colors_info=&#8221;{}&#8221; sticky_transition=&#8221;on&#8221;]<\/p>\n<p>Portacassetti mobile con 8 cassetti<\/p>\n<p>Avvolgitore del flessibile con 7 piastre di avvolgimento<\/p>\n<p>Macchina elettrica per tagliare i flessibili con dispositivo di aspirazione<\/p>\n<p>Pressa elettrica fino a 1\u00bb\u00bb1\/2 \u2013 2 trecce acciaio \/ 1\u00bb1\/4 \u2013 4 trecce acciaio<\/p>\n<p>Svuotamento manuale<\/p>\n<p>Stock in deposito adattato<\/p>\n<p>Pressa manuale (fino a 3?4 di pollice) opzionale.<\/p>\n<p>Attrezzatura opzionale<\/p>\n<p>[\/et_pb_pricing_table][et_pb_pricing_table sum=&#8221;L&#8221; price_background_color=&#8221;rgba(45,62,80,0.81)&#8221; header_background_color=&#8221;rgba(45,62,80,0.81)&#8221; _builder_version=&#8221;4.14.7&#8243; _module_preset=&#8221;default&#8221; price_text_color=&#8221;#FFFFFF&#8221; header_font=&#8221;||||||||&#8221; price_font=&#8221;Ubuntu|500|||||||&#8221; border_radii=&#8221;off||||&#8221; box_shadow_style=&#8221;preset2&#8243; global_colors_info=&#8221;{}&#8221; sticky_transition=&#8221;on&#8221;]<\/p>\n<p>Porta cassettiera mobile con 12 cassetti<\/p>\n<p>Avvolgitore del flessibile con 7 dischi di avvolgimento<\/p>\n<p>Piastra di srotolamento per flessibili di grandi dimensioni<\/p>\n<p>Macchina elettrica per tagliare i tubi con dispositivo di aspirazione<\/p>\n<p>Pressa elettrica fino a 1\u00bb\u00bb1\/2 \u2013 2 trecce acciaio \/ 1\u00bb1\/4 \u2013 4 trecce acciaio<\/p>\n<p>Svuotamento manuale<\/p>\n<p>Stock di deposito adattato<\/p>\n<p>Pressa manuale (fino a 3?4 di pollice) opzionale<\/p>\n<p>Attrezzatura opzionale<\/p>\n<p>[\/et_pb_pricing_table][et_pb_pricing_table sum=&#8221;XL&#8221; price_background_color=&#8221;#2d3e50&#8243; header_background_color=&#8221;#2d3e50&#8243; _builder_version=&#8221;4.14.7&#8243; _module_preset=&#8221;default&#8221; price_text_color=&#8221;#FFFFFF&#8221; header_font=&#8221;||||||||&#8221; price_font=&#8221;Ubuntu|500|||||||&#8221; border_radii=&#8221;off|||40px|&#8221; box_shadow_style=&#8221;preset2&#8243; global_colors_info=&#8221;{}&#8221; sticky_transition=&#8221;on&#8221;]<\/p>\n<p>Portacassetti mobile con 16 cassetti<\/p>\n<p>Avvolgitore del flessibile con 7 piastre di avvolgimento<\/p>\n<p>Piastra di srotolamento per flessibili di grandi dimensioni<\/p>\n<p>Piastra di svolgimento su ruote<\/p>\n<p>Macchina elettrica per tagliare i tubi con dispositivo<\/p>\n<p>Di aspirazione<\/p>\n<p>Pressa elettrica fino a 2 pollici 6 trecce in acciaio<\/p>\n<p>Svuotamento manuale<\/p>\n<p>Pressa manuale (fino a 3?4 di pollice)<\/p>\n<p>Stock di deposito adattato<\/p>\n<p>Attrezzatura opzionale<\/p>\n<p>[\/et_pb_pricing_table][\/et_pb_pricing_tables][\/et_pb_column][\/et_pb_row][\/et_pb_section][et_pb_section fb_built=&#8221;1&#8243; _builder_version=&#8221;4.14.7&#8243; _module_preset=&#8221;default&#8221; global_colors_info=&#8221;{}&#8221;][et_pb_row column_structure=&#8221;1_4,3_4&#8243; _builder_version=&#8221;4.14.7&#8243; _module_preset=&#8221;default&#8221; global_colors_info=&#8221;{}&#8221;][et_pb_column type=&#8221;1_4&#8243; _builder_version=&#8221;4.14.7&#8243; _module_preset=&#8221;default&#8221; global_colors_info=&#8221;{}&#8221;][et_pb_gallery gallery_ids=&#8221;2099,2098,2095&#8243; fullwidth=&#8221;on&#8221; _builder_version=&#8221;4.14.7&#8243; _module_preset=&#8221;default&#8221; global_colors_info=&#8221;{}&#8221;][\/et_pb_gallery][\/et_pb_column][et_pb_column type=&#8221;3_4&#8243; _builder_version=&#8221;4.14.7&#8243; _module_preset=&#8221;default&#8221; global_colors_info=&#8221;{}&#8221;][et_pb_text _builder_version=&#8221;4.14.7&#8243; _module_preset=&#8221;default&#8221; global_colors_info=&#8221;{}&#8221;]<\/p>\n<p dir=\"auto\">Con oltre 15 anni di esperienza, offriamo non solo l\u2019attrezzatura, ma anche i vostri collaboratori vengono formati professionalmente nella produzione di flessibili. La formazione \u00e8 inclusa nel prezzo del noleggio.<\/p>\n<p dir=\"auto\">Lo stock di deposito viene costantemente adattato alle vostre esigenze e anche l\u2019inventario annuale viene eseguito da noi.<\/p>\n<p dir=\"auto\">Ci concentriamo su materiali e pezzi di ricambio di qualit\u00e0 e godrete di un attento monitoraggio da parte dei nostri tecnici.<\/p>\n<p dir=\"auto\">[\/et_pb_text][et_pb_text _builder_version=&#8221;4.14.7&#8243; _module_preset=&#8221;default&#8221; global_colors_info=&#8221;{}&#8221;]<\/p>\n<p dir=\"auto\">Con la Chrono Solution si dispone di un sistema di gestione innovativo. Il rifornimento avviene in formato digitale, la gestione delle bollette di consegna avviene tramite l\u2019applicazione.<\/p>\n<p dir=\"auto\">Per garantire la sicurezza, ogni due anni effettuiamo un controllo di sicurezza delle macchine.<\/p>\n<p dir=\"auto\">Se desiderate una consulenza personalizzata, potete contattarci in qualsiasi momento al numero 0848 099 099.<\/p>\n<p dir=\"auto\">[\/et_pb_text][\/et_pb_column][\/et_pb_row][et_pb_row _builder_version=&#8221;4.14.7&#8243; _module_preset=&#8221;default&#8221; global_colors_info=&#8221;{}&#8221;][et_pb_column type=&#8221;4_4&#8243; _builder_version=&#8221;4.14.7&#8243; _module_preset=&#8221;default&#8221; global_colors_info=&#8221;{}&#8221;][et_pb_button button_url=&#8221;@ET-DC@eyJkeW5hbWljIjp0cnVlLCJjb250ZW50IjoicG9zdF9saW5rX3VybF9wYWdlIiwic2V0dGluZ3MiOnsicG9zdF9pZCI6IjExIn19@&#8221; button_text=&#8221;Modulo di contatto&#8221; _builder_version=&#8221;4.14.7&#8243; _dynamic_attributes=&#8221;button_url&#8221; _module_preset=&#8221;3d393a71-91b7-4b17-a5ca-30d9ea7bfa4d&#8221; global_colors_info=&#8221;{}&#8221;][\/et_pb_button][\/et_pb_column][\/et_pb_row][\/et_pb_section]<\/p>\n","protected":false},"excerpt":{"rendered":"<p>Chrono SolutionScoprite la nostra soluzione per la vostra officina Riducete i costi e i tempi di fermo nelle vostre officine. Affittando la nostra Chrono Solution avrete a disposizione tutte le attrezzature necessarie per pressare autonomamente i flessibili idraulici in loco. In questo modo si evitano gli spostamenti e i tempi di attesa nel centro idraulico, [&hellip;]<\/p>\n","protected":false},"author":1,"featured_media":0,"parent":3870,"menu_order":0,"comment_status":"closed","ping_status":"closed","template":"","meta":{"_et_pb_use_builder":"on","_et_pb_old_content":"","_et_gb_content_width":"","footnotes":""},"class_list":["post-3883","page","type-page","status-publish","hentry"],"yoast_head":"<!-- This site is optimized with the Yoast SEO plugin v27.5 - https:\/\/yoast.com\/product\/yoast-seo-wordpress\/ -->\n<title>Chrono Solution - CHRONO Flex Suisse<\/title>\n<meta name=\"robots\" content=\"index, follow, max-snippet:-1, max-image-preview:large, max-video-preview:-1\" \/>\n<link rel=\"canonical\" href=\"https:\/\/www.chronoflex.ch\/it\/le-nostre-prestazioni-pemplentari\/chrono-solution\/\" \/>\n<meta property=\"og:locale\" content=\"it_IT\" \/>\n<meta property=\"og:type\" content=\"article\" \/>\n<meta property=\"og:title\" content=\"Chrono Solution - CHRONO Flex Suisse\" \/>\n<meta property=\"og:description\" content=\"Chrono SolutionScoprite la nostra soluzione per la vostra officina Riducete i costi e i tempi di fermo nelle vostre officine. Affittando la nostra Chrono Solution avrete a disposizione tutte le attrezzature necessarie per pressare autonomamente i flessibili idraulici in loco. In questo modo si evitano gli spostamenti e i tempi di attesa nel centro idraulico, [&hellip;]\" \/>\n<meta property=\"og:url\" content=\"https:\/\/www.chronoflex.ch\/it\/le-nostre-prestazioni-pemplentari\/chrono-solution\/\" \/>\n<meta property=\"og:site_name\" content=\"CHRONO Flex Suisse\" \/>\n<meta property=\"article:modified_time\" content=\"2022-05-30T14:50:11+00:00\" \/>\n<meta name=\"twitter:card\" content=\"summary_large_image\" \/>\n<meta name=\"twitter:label1\" content=\"Tempo di lettura stimato\" \/>\n\t<meta name=\"twitter:data1\" content=\"9 minuti\" \/>\n<script type=\"application\/ld+json\" class=\"yoast-schema-graph\">{\"@context\":\"https:\\\/\\\/schema.org\",\"@graph\":[{\"@type\":\"WebPage\",\"@id\":\"https:\\\/\\\/www.chronoflex.ch\\\/it\\\/le-nostre-prestazioni-pemplentari\\\/chrono-solution\\\/\",\"url\":\"https:\\\/\\\/www.chronoflex.ch\\\/it\\\/le-nostre-prestazioni-pemplentari\\\/chrono-solution\\\/\",\"name\":\"Chrono Solution - CHRONO Flex Suisse\",\"isPartOf\":{\"@id\":\"https:\\\/\\\/www.chronoflex.ch\\\/#website\"},\"datePublished\":\"2022-03-16T09:42:58+00:00\",\"dateModified\":\"2022-05-30T14:50:11+00:00\",\"breadcrumb\":{\"@id\":\"https:\\\/\\\/www.chronoflex.ch\\\/it\\\/le-nostre-prestazioni-pemplentari\\\/chrono-solution\\\/#breadcrumb\"},\"inLanguage\":\"it-IT\",\"potentialAction\":[{\"@type\":\"ReadAction\",\"target\":[\"https:\\\/\\\/www.chronoflex.ch\\\/it\\\/le-nostre-prestazioni-pemplentari\\\/chrono-solution\\\/\"]}]},{\"@type\":\"BreadcrumbList\",\"@id\":\"https:\\\/\\\/www.chronoflex.ch\\\/it\\\/le-nostre-prestazioni-pemplentari\\\/chrono-solution\\\/#breadcrumb\",\"itemListElement\":[{\"@type\":\"ListItem\",\"position\":1,\"name\":\"Home\",\"item\":\"https:\\\/\\\/www.chronoflex.ch\\\/it\\\/\"},{\"@type\":\"ListItem\",\"position\":2,\"name\":\"Le nostre prestazioni pemplentari\",\"item\":\"https:\\\/\\\/www.chronoflex.ch\\\/it\\\/le-nostre-prestazioni-pemplentari\\\/\"},{\"@type\":\"ListItem\",\"position\":3,\"name\":\"Chrono Solution\"}]},{\"@type\":\"WebSite\",\"@id\":\"https:\\\/\\\/www.chronoflex.ch\\\/#website\",\"url\":\"https:\\\/\\\/www.chronoflex.ch\\\/\",\"name\":\"CHRONO Flex Suisse\",\"description\":\"Flessibili idraulici nel vostro impianto 24h\\\/7gg\",\"potentialAction\":[{\"@type\":\"SearchAction\",\"target\":{\"@type\":\"EntryPoint\",\"urlTemplate\":\"https:\\\/\\\/www.chronoflex.ch\\\/?s={search_term_string}\"},\"query-input\":{\"@type\":\"PropertyValueSpecification\",\"valueRequired\":true,\"valueName\":\"search_term_string\"}}],\"inLanguage\":\"it-IT\"}]}<\/script>\n<!-- \/ Yoast SEO plugin. -->","yoast_head_json":{"title":"Chrono Solution - CHRONO Flex Suisse","robots":{"index":"index","follow":"follow","max-snippet":"max-snippet:-1","max-image-preview":"max-image-preview:large","max-video-preview":"max-video-preview:-1"},"canonical":"https:\/\/www.chronoflex.ch\/it\/le-nostre-prestazioni-pemplentari\/chrono-solution\/","og_locale":"it_IT","og_type":"article","og_title":"Chrono Solution - CHRONO Flex Suisse","og_description":"Chrono SolutionScoprite la nostra soluzione per la vostra officina Riducete i costi e i tempi di fermo nelle vostre officine. Affittando la nostra Chrono Solution avrete a disposizione tutte le attrezzature necessarie per pressare autonomamente i flessibili idraulici in loco. In questo modo si evitano gli spostamenti e i tempi di attesa nel centro idraulico, [&hellip;]","og_url":"https:\/\/www.chronoflex.ch\/it\/le-nostre-prestazioni-pemplentari\/chrono-solution\/","og_site_name":"CHRONO Flex Suisse","article_modified_time":"2022-05-30T14:50:11+00:00","twitter_card":"summary_large_image","twitter_misc":{"Tempo di lettura stimato":"9 minuti"},"schema":{"@context":"https:\/\/schema.org","@graph":[{"@type":"WebPage","@id":"https:\/\/www.chronoflex.ch\/it\/le-nostre-prestazioni-pemplentari\/chrono-solution\/","url":"https:\/\/www.chronoflex.ch\/it\/le-nostre-prestazioni-pemplentari\/chrono-solution\/","name":"Chrono Solution - CHRONO Flex Suisse","isPartOf":{"@id":"https:\/\/www.chronoflex.ch\/#website"},"datePublished":"2022-03-16T09:42:58+00:00","dateModified":"2022-05-30T14:50:11+00:00","breadcrumb":{"@id":"https:\/\/www.chronoflex.ch\/it\/le-nostre-prestazioni-pemplentari\/chrono-solution\/#breadcrumb"},"inLanguage":"it-IT","potentialAction":[{"@type":"ReadAction","target":["https:\/\/www.chronoflex.ch\/it\/le-nostre-prestazioni-pemplentari\/chrono-solution\/"]}]},{"@type":"BreadcrumbList","@id":"https:\/\/www.chronoflex.ch\/it\/le-nostre-prestazioni-pemplentari\/chrono-solution\/#breadcrumb","itemListElement":[{"@type":"ListItem","position":1,"name":"Home","item":"https:\/\/www.chronoflex.ch\/it\/"},{"@type":"ListItem","position":2,"name":"Le nostre prestazioni pemplentari","item":"https:\/\/www.chronoflex.ch\/it\/le-nostre-prestazioni-pemplentari\/"},{"@type":"ListItem","position":3,"name":"Chrono Solution"}]},{"@type":"WebSite","@id":"https:\/\/www.chronoflex.ch\/#website","url":"https:\/\/www.chronoflex.ch\/","name":"CHRONO Flex Suisse","description":"Flessibili idraulici nel vostro impianto 24h\/7gg","potentialAction":[{"@type":"SearchAction","target":{"@type":"EntryPoint","urlTemplate":"https:\/\/www.chronoflex.ch\/?s={search_term_string}"},"query-input":{"@type":"PropertyValueSpecification","valueRequired":true,"valueName":"search_term_string"}}],"inLanguage":"it-IT"}]}},"_links":{"self":[{"href":"https:\/\/www.chronoflex.ch\/it\/wp-json\/wp\/v2\/pages\/3883","targetHints":{"allow":["GET"]}}],"collection":[{"href":"https:\/\/www.chronoflex.ch\/it\/wp-json\/wp\/v2\/pages"}],"about":[{"href":"https:\/\/www.chronoflex.ch\/it\/wp-json\/wp\/v2\/types\/page"}],"author":[{"embeddable":true,"href":"https:\/\/www.chronoflex.ch\/it\/wp-json\/wp\/v2\/users\/1"}],"replies":[{"embeddable":true,"href":"https:\/\/www.chronoflex.ch\/it\/wp-json\/wp\/v2\/comments?post=3883"}],"version-history":[{"count":4,"href":"https:\/\/www.chronoflex.ch\/it\/wp-json\/wp\/v2\/pages\/3883\/revisions"}],"predecessor-version":[{"id":3888,"href":"https:\/\/www.chronoflex.ch\/it\/wp-json\/wp\/v2\/pages\/3883\/revisions\/3888"}],"up":[{"embeddable":true,"href":"https:\/\/www.chronoflex.ch\/it\/wp-json\/wp\/v2\/pages\/3870"}],"wp:attachment":[{"href":"https:\/\/www.chronoflex.ch\/it\/wp-json\/wp\/v2\/media?parent=3883"}],"curies":[{"name":"wp","href":"https:\/\/api.w.org\/{rel}","templated":true}]}}