{"id":4167,"date":"2024-07-15T10:51:39","date_gmt":"2024-07-15T08:51:39","guid":{"rendered":"https:\/\/www.chronoflex.ch\/sorgfaltspflichten\/"},"modified":"2024-07-15T10:55:55","modified_gmt":"2024-07-15T08:55:55","slug":"devoirs-de-diligence","status":"publish","type":"page","link":"https:\/\/www.chronoflex.ch\/fr\/devoirs-de-diligence\/","title":{"rendered":"Devoirs de diligence"},"content":{"rendered":"<p>[et_pb_section fb_built=\u00a0\u00bb1&Prime; _builder_version=\u00a0\u00bb4.14.7&Prime; _module_preset=\u00a0\u00bbdefault\u00a0\u00bb da_disable_devices=\u00a0\u00bboff|off|off\u00a0\u00bb global_colors_info=\u00a0\u00bb{}\u00a0\u00bb da_is_popup=\u00a0\u00bboff\u00a0\u00bb da_exit_intent=\u00a0\u00bboff\u00a0\u00bb da_has_close=\u00a0\u00bbon\u00a0\u00bb da_alt_close=\u00a0\u00bboff\u00a0\u00bb da_dark_close=\u00a0\u00bboff\u00a0\u00bb da_not_modal=\u00a0\u00bbon\u00a0\u00bb da_is_singular=\u00a0\u00bboff\u00a0\u00bb da_with_loader=\u00a0\u00bboff\u00a0\u00bb da_has_shadow=\u00a0\u00bbon\u00a0\u00bb][et_pb_row _builder_version=\u00a0\u00bb4.14.7&Prime; _module_preset=\u00a0\u00bbdefault\u00a0\u00bb global_colors_info=\u00a0\u00bb{}\u00a0\u00bb][et_pb_column type=\u00a0\u00bb4_4&Prime; _builder_version=\u00a0\u00bb4.14.7&Prime; _module_preset=\u00a0\u00bbdefault\u00a0\u00bb global_colors_info=\u00a0\u00bb{}\u00a0\u00bb][et_pb_text _builder_version=\u00a0\u00bb4.14.7&Prime; _module_preset=\u00a0\u00bbdefault\u00a0\u00bb global_colors_info=\u00a0\u00bb{}\u00a0\u00bb]<\/p>\n<h1><strong>Devoirs de diligence dans la cha\u00eene d&rsquo;approvisionnement <\/strong><strong>(ODITR)<\/strong><\/h1>\n<p>[\/et_pb_text][et_pb_text _builder_version=\u00a0\u00bb4.14.7&Prime; _module_preset=\u00a0\u00bbdefault\u00a0\u00bb global_colors_info=\u00a0\u00bb{}\u00a0\u00bb]<\/p>\n<p>Par rapport \u00e0 l\u2019ODiTr, nous mettons \u00e0 disposition les informations compl\u00e9mentaires suivantes :<\/p>\n<p><strong>En ce qui concerne les minerais et les m\u00e9taux provenant de zones de conflit<\/strong><br \/>La maison Chronoflex Schweiz AG ne se procure nullement des minerais et des m\u00e9taux dans la<br \/>caract\u00e9ristique pr\u00e9cit\u00e9e qui, selon l\u2019ODiTr, serait soumise \u00e0 une obligation de faire rapport. Ceci est<br \/>v\u00e9rifi\u00e9 par le service Achats en fonction des num\u00e9ros des tarifs douaniers des mat\u00e9riaux sp\u00e9cifiques<br \/>mentionn\u00e9s dans l\u2019annexe se rapportant \u00e0 l\u2019ODiTr.<\/p>\n<p>Par cons\u00e9quent, et conform\u00e9ment au Droit suisse des obligations (CO), nous ne sommes, \u00e0 ce sujet,<br \/>aucunement soumis \u00e0 un devoir de diligence et \u00e0 une obligation de faire rapport.<\/p>\n<p><strong>Par rapport au travail des enfants<\/strong><br \/>Les devoirs de diligence relatifs aux Droits humains et, notamment, au travail des enfants font, depuis<br \/>toujours, partie du management des fournisseurs. La base du management renferme un code de<br \/>conduite, tel un \u00e9l\u00e9ment des Conditions g\u00e9n\u00e9rales d\u2019approvisionnement pour les fournisseurs,<br \/>lesquelles forment un composant int\u00e9gral des contrats de fournisseurs.<\/p>\n<p>Nous avons proc\u00e9d\u00e9 \u00e0 l\u2019\u00e9valuation des risques en fonction de \u00abl\u2019UNICEF children\u2019s rights in the<br \/>workplace index\u201d, avec les r\u00e9sultats suivants:<\/p>\n<p>Nous n\u2019avons aucun fournisseur et nous ne nous procurons aucun mat\u00e9riau issus de pays critiques<br \/>(classification: \u00abHeightened\u00bb). Une grande partie de nos fournisseurs ou de mat\u00e9riaux per\u00e7us provient<br \/>de pays ayant une exposition minime au risque du travail des enfants (classification: \u00abBasic\u00bb). Les<br \/>mat\u00e9riaux approvisionn\u00e9s de certains fournisseurs proviennent de pays avec un risque accru face au<br \/>travail des enfants (Classification. \u00abEnhanced\u00bb).<\/p>\n<p>En ce qui concerne ces fournisseurs et les mat\u00e9riaux approvisionn\u00e9s, nous n\u2019avons enregistr\u00e9 aucun<br \/>soup\u00e7on ou obtenu des informations au sujet d\u2019un travail effectu\u00e9 par des enfants. Nous actualisons<br \/>annuellement ce contr\u00f4le.<\/p>\n<p>[\/et_pb_text][\/et_pb_column][\/et_pb_row][\/et_pb_section]<\/p>\n","protected":false},"excerpt":{"rendered":"<p>Devoirs de diligence dans la cha\u00eene d&rsquo;approvisionnement (ODITR)Par rapport \u00e0 l\u2019ODiTr, nous mettons \u00e0 disposition les informations compl\u00e9mentaires suivantes : En ce qui concerne les minerais et les m\u00e9taux provenant de zones de conflitLa maison Chronoflex Schweiz AG ne se procure nullement des minerais et des m\u00e9taux dans lacaract\u00e9ristique pr\u00e9cit\u00e9e qui, selon l\u2019ODiTr, serait soumise [&hellip;]<\/p>\n","protected":false},"author":1,"featured_media":0,"parent":0,"menu_order":0,"comment_status":"closed","ping_status":"closed","template":"","meta":{"_et_pb_use_builder":"on","_et_pb_old_content":"","_et_gb_content_width":"","footnotes":""},"class_list":["post-4167","page","type-page","status-publish","hentry"],"yoast_head":"<!-- This site is optimized with the Yoast SEO plugin v27.3 - https:\/\/yoast.com\/product\/yoast-seo-wordpress\/ -->\n<title>Devoirs de diligence - CHRONO Flex Suisse<\/title>\n<meta name=\"robots\" content=\"index, follow, max-snippet:-1, max-image-preview:large, max-video-preview:-1\" \/>\n<link rel=\"canonical\" href=\"https:\/\/www.chronoflex.ch\/fr\/devoirs-de-diligence\/\" \/>\n<meta property=\"og:locale\" content=\"fr_FR\" \/>\n<meta property=\"og:type\" content=\"article\" \/>\n<meta property=\"og:title\" content=\"Devoirs de diligence - CHRONO Flex Suisse\" \/>\n<meta property=\"og:url\" content=\"https:\/\/www.chronoflex.ch\/fr\/devoirs-de-diligence\/\" \/>\n<meta property=\"og:site_name\" content=\"CHRONO Flex Suisse\" \/>\n<meta property=\"article:modified_time\" content=\"2024-07-15T08:55:55+00:00\" \/>\n<meta name=\"twitter:card\" content=\"summary_large_image\" \/>\n<meta name=\"twitter:label1\" content=\"Dur\u00e9e de lecture estim\u00e9e\" \/>\n\t<meta name=\"twitter:data1\" content=\"2 minutes\" \/>\n<script type=\"application\/ld+json\" class=\"yoast-schema-graph\">{\"@context\":\"https:\\\/\\\/schema.org\",\"@graph\":[{\"@type\":\"WebPage\",\"@id\":\"https:\\\/\\\/www.chronoflex.ch\\\/fr\\\/devoirs-de-diligence\\\/\",\"url\":\"https:\\\/\\\/www.chronoflex.ch\\\/fr\\\/devoirs-de-diligence\\\/\",\"name\":\"Devoirs de diligence - CHRONO Flex Suisse\",\"isPartOf\":{\"@id\":\"https:\\\/\\\/www.chronoflex.ch\\\/#website\"},\"datePublished\":\"2024-07-15T08:51:39+00:00\",\"dateModified\":\"2024-07-15T08:55:55+00:00\",\"breadcrumb\":{\"@id\":\"https:\\\/\\\/www.chronoflex.ch\\\/fr\\\/devoirs-de-diligence\\\/#breadcrumb\"},\"inLanguage\":\"fr-FR\",\"potentialAction\":[{\"@type\":\"ReadAction\",\"target\":[\"https:\\\/\\\/www.chronoflex.ch\\\/fr\\\/devoirs-de-diligence\\\/\"]}]},{\"@type\":\"BreadcrumbList\",\"@id\":\"https:\\\/\\\/www.chronoflex.ch\\\/fr\\\/devoirs-de-diligence\\\/#breadcrumb\",\"itemListElement\":[{\"@type\":\"ListItem\",\"position\":1,\"name\":\"Home\",\"item\":\"https:\\\/\\\/www.chronoflex.ch\\\/fr\\\/\"},{\"@type\":\"ListItem\",\"position\":2,\"name\":\"Devoirs de diligence\"}]},{\"@type\":\"WebSite\",\"@id\":\"https:\\\/\\\/www.chronoflex.ch\\\/#website\",\"url\":\"https:\\\/\\\/www.chronoflex.ch\\\/\",\"name\":\"CHRONO Flex Suisse\",\"description\":\"Flexibles hydrauliques sur site 24h\\\/7j\",\"potentialAction\":[{\"@type\":\"SearchAction\",\"target\":{\"@type\":\"EntryPoint\",\"urlTemplate\":\"https:\\\/\\\/www.chronoflex.ch\\\/?s={search_term_string}\"},\"query-input\":{\"@type\":\"PropertyValueSpecification\",\"valueRequired\":true,\"valueName\":\"search_term_string\"}}],\"inLanguage\":\"fr-FR\"}]}<\/script>\n<!-- \/ Yoast SEO plugin. -->","yoast_head_json":{"title":"Devoirs de diligence - CHRONO Flex Suisse","robots":{"index":"index","follow":"follow","max-snippet":"max-snippet:-1","max-image-preview":"max-image-preview:large","max-video-preview":"max-video-preview:-1"},"canonical":"https:\/\/www.chronoflex.ch\/fr\/devoirs-de-diligence\/","og_locale":"fr_FR","og_type":"article","og_title":"Devoirs de diligence - CHRONO Flex Suisse","og_url":"https:\/\/www.chronoflex.ch\/fr\/devoirs-de-diligence\/","og_site_name":"CHRONO Flex Suisse","article_modified_time":"2024-07-15T08:55:55+00:00","twitter_card":"summary_large_image","twitter_misc":{"Dur\u00e9e de lecture estim\u00e9e":"2 minutes"},"schema":{"@context":"https:\/\/schema.org","@graph":[{"@type":"WebPage","@id":"https:\/\/www.chronoflex.ch\/fr\/devoirs-de-diligence\/","url":"https:\/\/www.chronoflex.ch\/fr\/devoirs-de-diligence\/","name":"Devoirs de diligence - CHRONO Flex Suisse","isPartOf":{"@id":"https:\/\/www.chronoflex.ch\/#website"},"datePublished":"2024-07-15T08:51:39+00:00","dateModified":"2024-07-15T08:55:55+00:00","breadcrumb":{"@id":"https:\/\/www.chronoflex.ch\/fr\/devoirs-de-diligence\/#breadcrumb"},"inLanguage":"fr-FR","potentialAction":[{"@type":"ReadAction","target":["https:\/\/www.chronoflex.ch\/fr\/devoirs-de-diligence\/"]}]},{"@type":"BreadcrumbList","@id":"https:\/\/www.chronoflex.ch\/fr\/devoirs-de-diligence\/#breadcrumb","itemListElement":[{"@type":"ListItem","position":1,"name":"Home","item":"https:\/\/www.chronoflex.ch\/fr\/"},{"@type":"ListItem","position":2,"name":"Devoirs de diligence"}]},{"@type":"WebSite","@id":"https:\/\/www.chronoflex.ch\/#website","url":"https:\/\/www.chronoflex.ch\/","name":"CHRONO Flex Suisse","description":"Flexibles hydrauliques sur site 24h\/7j","potentialAction":[{"@type":"SearchAction","target":{"@type":"EntryPoint","urlTemplate":"https:\/\/www.chronoflex.ch\/?s={search_term_string}"},"query-input":{"@type":"PropertyValueSpecification","valueRequired":true,"valueName":"search_term_string"}}],"inLanguage":"fr-FR"}]}},"_links":{"self":[{"href":"https:\/\/www.chronoflex.ch\/fr\/wp-json\/wp\/v2\/pages\/4167","targetHints":{"allow":["GET"]}}],"collection":[{"href":"https:\/\/www.chronoflex.ch\/fr\/wp-json\/wp\/v2\/pages"}],"about":[{"href":"https:\/\/www.chronoflex.ch\/fr\/wp-json\/wp\/v2\/types\/page"}],"author":[{"embeddable":true,"href":"https:\/\/www.chronoflex.ch\/fr\/wp-json\/wp\/v2\/users\/1"}],"replies":[{"embeddable":true,"href":"https:\/\/www.chronoflex.ch\/fr\/wp-json\/wp\/v2\/comments?post=4167"}],"version-history":[{"count":4,"href":"https:\/\/www.chronoflex.ch\/fr\/wp-json\/wp\/v2\/pages\/4167\/revisions"}],"predecessor-version":[{"id":4172,"href":"https:\/\/www.chronoflex.ch\/fr\/wp-json\/wp\/v2\/pages\/4167\/revisions\/4172"}],"wp:attachment":[{"href":"https:\/\/www.chronoflex.ch\/fr\/wp-json\/wp\/v2\/media?parent=4167"}],"curies":[{"name":"wp","href":"https:\/\/api.w.org\/{rel}","templated":true}]}}