{"id":3271,"date":"2022-03-07T16:43:59","date_gmt":"2022-03-07T15:43:59","guid":{"rendered":"https:\/\/www.chronoflex.ch\/?page_id=3271"},"modified":"2026-01-19T09:48:58","modified_gmt":"2026-01-19T08:48:58","slug":"nos-tarifs","status":"publish","type":"page","link":"https:\/\/www.chronoflex.ch\/fr\/nos-prestations\/nos-tarifs\/","title":{"rendered":"Nos tarifs"},"content":{"rendered":"<p>[et_pb_section fb_built=\u00a0\u00bb1&Prime; module_class=\u00a0\u00bbflex-center\u00a0\u00bb _builder_version=\u00a0\u00bb4.16&Prime; _module_preset=\u00a0\u00bbdefault\u00a0\u00bb background_image=\u00a0\u00bbhttps:\/\/www.chronoflex.ch\/\/wp-content\/uploads\/2021\/09\/Panorama-Nebel-VS.jpeg\u00a0\u00bb height=\u00a0\u00bb40vh\u00a0\u00bb da_disable_devices=\u00a0\u00bboff|off|off\u00a0\u00bb global_colors_info=\u00a0\u00bb{}\u00a0\u00bb da_is_popup=\u00a0\u00bboff\u00a0\u00bb da_exit_intent=\u00a0\u00bboff\u00a0\u00bb da_has_close=\u00a0\u00bbon\u00a0\u00bb da_alt_close=\u00a0\u00bboff\u00a0\u00bb da_dark_close=\u00a0\u00bboff\u00a0\u00bb da_not_modal=\u00a0\u00bbon\u00a0\u00bb da_is_singular=\u00a0\u00bboff\u00a0\u00bb da_with_loader=\u00a0\u00bboff\u00a0\u00bb da_has_shadow=\u00a0\u00bbon\u00a0\u00bb][et_pb_row _builder_version=\u00a0\u00bb4.16&Prime; _module_preset=\u00a0\u00bbdefault\u00a0\u00bb positioning=\u00a0\u00bbabsolute\u00a0\u00bb position_origin_a=\u00a0\u00bbcenter_center\u00a0\u00bb global_colors_info=\u00a0\u00bb{}\u00a0\u00bb][et_pb_column type=\u00a0\u00bb4_4&Prime; _builder_version=\u00a0\u00bb4.16&Prime; _module_preset=\u00a0\u00bbdefault\u00a0\u00bb global_colors_info=\u00a0\u00bb{}\u00a0\u00bb][et_pb_text _builder_version=\u00a0\u00bb4.16&Prime; _module_preset=\u00a0\u00bbdefault\u00a0\u00bb text_font=\u00a0\u00bb|700|||||||\u00a0\u00bb text_text_color=\u00a0\u00bbgcid-7af1137e-c770-4d4e-b1fe-6ffe03649b2a\u00a0\u00bb header_text_align=\u00a0\u00bbright\u00a0\u00bb header_text_color=\u00a0\u00bb#004588&Prime; background_color=\u00a0\u00bb#FFFFFF\u00a0\u00bb positioning=\u00a0\u00bbabsolute\u00a0\u00bb position_origin_a=\u00a0\u00bbcenter_center\u00a0\u00bb custom_padding=\u00a0\u00bb1%|5%|0%|5%|false|false\u00a0\u00bb border_width_bottom=\u00a0\u00bb3px\u00a0\u00bb border_color_bottom=\u00a0\u00bb#ab0f15&Prime; global_colors_info=\u00a0\u00bb{%22gcid-7af1137e-c770-4d4e-b1fe-6ffe03649b2a%22:%91%22text_text_color%22%93}\u00a0\u00bb]<\/p>\n<h1 style=\"text-align: center;\"><strong>Nos tarifs<\/strong><strong><\/strong><strong><\/strong><\/h1>\n<p>[\/et_pb_text][\/et_pb_column][\/et_pb_row][\/et_pb_section][et_pb_section fb_built=\u00a0\u00bb1&Prime; _builder_version=\u00a0\u00bb4.16&Prime; _module_preset=\u00a0\u00bbdefault\u00a0\u00bb custom_margin=\u00a0\u00bb0px||||false|false\u00a0\u00bb da_disable_devices=\u00a0\u00bboff|off|off\u00a0\u00bb global_colors_info=\u00a0\u00bb{}\u00a0\u00bb da_is_popup=\u00a0\u00bboff\u00a0\u00bb da_exit_intent=\u00a0\u00bboff\u00a0\u00bb da_has_close=\u00a0\u00bbon\u00a0\u00bb da_alt_close=\u00a0\u00bboff\u00a0\u00bb da_dark_close=\u00a0\u00bboff\u00a0\u00bb da_not_modal=\u00a0\u00bbon\u00a0\u00bb da_is_singular=\u00a0\u00bboff\u00a0\u00bb da_with_loader=\u00a0\u00bboff\u00a0\u00bb da_has_shadow=\u00a0\u00bbon\u00a0\u00bb][et_pb_row _builder_version=\u00a0\u00bb4.16&Prime; _module_preset=\u00a0\u00bbdefault\u00a0\u00bb global_colors_info=\u00a0\u00bb{}\u00a0\u00bb][et_pb_column type=\u00a0\u00bb4_4&Prime; _builder_version=\u00a0\u00bb4.16&Prime; _module_preset=\u00a0\u00bbdefault\u00a0\u00bb global_colors_info=\u00a0\u00bb{}\u00a0\u00bb][et_pb_text _builder_version=\u00a0\u00bb4.16&Prime; _module_preset=\u00a0\u00bbdefault\u00a0\u00bb global_colors_info=\u00a0\u00bb{}\u00a0\u00bb]<\/p>\n<h2 style=\"text-align: center;\"><strong>Des prix adapt\u00e9s \u00e0 vos besoins !<\/strong><\/h2>\n<p dir=\"auto\" style=\"text-align: center;\">Chez Chronoflex, les tarifs sont calcul\u00e9s au plus juste en fonction de votre zone g\u00e9ographique, de l&rsquo;heure \u00e0 laquelle vous souhaitez \u00eatre d\u00e9pann\u00e9, et du type d&rsquo;intervention souhait\u00e9 (Intervention urgente \/ non-urgente ; Maintenance pr\u00e9ventive..).<\/p>\n<p dir=\"auto\" style=\"text-align: center;\">\n<p dir=\"auto\" style=\"text-align: center;\"><em>Retrouvez ci-dessous notre grille tarifaire :<\/em><\/p>\n<p>[\/et_pb_text][\/et_pb_column][\/et_pb_row][et_pb_row _builder_version=\u00a0\u00bb4.16&Prime; _module_preset=\u00a0\u00bbdefault\u00a0\u00bb global_colors_info=\u00a0\u00bb{}\u00a0\u00bb][et_pb_column type=\u00a0\u00bb4_4&Prime; _builder_version=\u00a0\u00bb4.16&Prime; _module_preset=\u00a0\u00bbdefault\u00a0\u00bb global_colors_info=\u00a0\u00bb{}\u00a0\u00bb][et_pb_text _builder_version=\u00a0\u00bb4.27.4&Prime; _module_preset=\u00a0\u00bbdefault\u00a0\u00bb global_colors_info=\u00a0\u00bb{}\u00a0\u00bb]<\/p>\n<figure class=\"Prices\">\n<div class=\"Prices__map\"><\/div>\n<\/figure>\n<article class=\"u-wysiwyg\">\n<div class=\"cw-prices\">\n<p>&nbsp;<\/p>\n<table id=\"intervention\">\n<thead>\n<tr>\n<th colspan=\"4\">INTERVENTION<\/th>\n<\/tr>\n<\/thead>\n<tbody>\n<tr class=\"categorie\">\n<td><\/td>\n<td id=\"urgente\" colspan=\"2\">URGENTE<\/td>\n<td id=\"non_urgente\">NON URGENTE<br \/><em>intervention en 48h<\/em><\/td>\n<\/tr>\n<tr class=\"symboles\">\n<td><\/td>\n<td class=\"jour\"><\/td>\n<td class=\"nuit\"><\/td>\n<td class=\"jour\"><\/td>\n<\/tr>\n<tr>\n<td class=\"title\">Prise en charge<\/td>\n<td class=\"jour\">Fr.56<\/td>\n<td class=\"nuit\">x2.5<\/td>\n<td class=\"jour\">Fr.56<\/td>\n<\/tr>\n<tr>\n<td class=\"title\">Forfait d\u00e9placement<\/td>\n<td class=\"jour\">selon zone(1-2)<\/td>\n<td class=\"nuit\">x2.5<\/td>\n<td class=\"jour\">selon zone(1-2)<\/td>\n<\/tr>\n<tr>\n<td class=\"title\">Main d\u2019\u0153uvre<br \/>(30min min)<\/td>\n<td class=\"jour\">2.70 Fr.\/min<\/td>\n<td class=\"nuit\">x2.5<\/td>\n<td class=\"jour\">2.70 Fr.\/min<\/td>\n<\/tr>\n<tr>\n<td class=\"title\">Pi\u00e8ces et fournitures<\/td>\n<td class=\"jour\">prix tarif g\u00e9n\u00e9ral d\u2019intervention<\/td>\n<td class=\"nuit\">prix tarif g\u00e9n\u00e9ral d\u2019intervention<\/td>\n<td class=\"jour\">prix tarif g\u00e9n\u00e9ral d\u2019intervention<\/td>\n<\/tr>\n<\/tbody>\n<\/table>\n<table id=\"parc_atelier\">\n<thead>\n<tr>\n<th colspan=\"2\">SUR PARC \/ ATELIER<\/th>\n<\/tr>\n<\/thead>\n<tbody>\n<tr class=\"maintenance\">\n<td id=\"maintenance\" colspan=\"2\">MAINTENANCE PREVENTIVE<\/td>\n<\/tr>\n<tr class=\"symboles\">\n<td><\/td>\n<td class=\"jour\"><\/td>\n<\/tr>\n<tr>\n<td class=\"title\">Prise en charge<\/td>\n<td class=\"jour\">Fr.56<\/td>\n<\/tr>\n<tr>\n<td class=\"title\">Forfait d\u00e9placement<\/td>\n<td class=\"jour\"><s>selon zone(1-2)<\/s><\/td>\n<\/tr>\n<tr>\n<td class=\"title\">Main d\u2019\u0153uvre<br \/>(30min min)<\/td>\n<td class=\"jour\">2.70 Fr.\/min<\/td>\n<\/tr>\n<tr>\n<td class=\"title\">Pi\u00e8ces et fournitures<\/td>\n<td class=\"jour\">prix tarif g\u00e9n\u00e9ral d\u2019intervention<\/td>\n<\/tr>\n<\/tbody>\n<\/table>\n<\/div>\n<div class=\"horaire\">\n<div id=\"symbole_jour\"><\/div>\n<div id=\"horaire_jour\">\n<h4>HORAIRE JOUR :<\/h4>\n<p>ETE (1<sup>er<\/sup><span>\u00a0<\/span>mars \u2013 31 oct.) 07h00 \u2013 17h30(lun \u2013 ven), hors jours f\u00e9ri\u00e9s\u00a0<br \/>HIVER (1<sup>er<\/sup>nov. \u2013 28\/29 f\u00e9v.) 08h00 \u2013 17h00(lun \u2013 ven), hors jours f\u00e9ri\u00e9s<\/p>\n<\/div>\n<div id=\"symbole_nuit\"><\/div>\n<div id=\"horaire_nuit\">\n<h4>HORAIRE NUIT :<\/h4>\n<p>ETE (1<sup>er<\/sup><span>\u00a0<\/span>mars \u2013 31oct) 17h30 \u2013 7h00, weekends et jours f\u00e9ri\u00e9s compris<br \/>HIVER (1<sup>er<\/sup>nov. \u2013 28\/29 f\u00e9v.) 17h00 \u2013 8h00, weekends et jours f\u00e9ri\u00e9s compris<\/p>\n<\/div>\n<\/div>\n<\/article>\n<p>[\/et_pb_text][\/et_pb_column][\/et_pb_row][\/et_pb_section][et_pb_section fb_built=\u00a0\u00bb1&Prime; _builder_version=\u00a0\u00bb4.16&Prime; _module_preset=\u00a0\u00bbdefault\u00a0\u00bb custom_margin=\u00a0\u00bb0px||||false|false\u00a0\u00bb custom_padding=\u00a0\u00bb0px||||false|false\u00a0\u00bb da_disable_devices=\u00a0\u00bboff|off|off\u00a0\u00bb global_colors_info=\u00a0\u00bb{}\u00a0\u00bb da_is_popup=\u00a0\u00bboff\u00a0\u00bb da_exit_intent=\u00a0\u00bboff\u00a0\u00bb da_has_close=\u00a0\u00bbon\u00a0\u00bb da_alt_close=\u00a0\u00bboff\u00a0\u00bb da_dark_close=\u00a0\u00bboff\u00a0\u00bb da_not_modal=\u00a0\u00bbon\u00a0\u00bb da_is_singular=\u00a0\u00bboff\u00a0\u00bb da_with_loader=\u00a0\u00bboff\u00a0\u00bb da_has_shadow=\u00a0\u00bbon\u00a0\u00bb][et_pb_row _builder_version=\u00a0\u00bb4.16&Prime; _module_preset=\u00a0\u00bbdefault\u00a0\u00bb custom_margin=\u00a0\u00bb0px||||false|false\u00a0\u00bb custom_padding=\u00a0\u00bb0px||||false|false\u00a0\u00bb global_colors_info=\u00a0\u00bb{}\u00a0\u00bb][et_pb_column type=\u00a0\u00bb4_4&Prime; _builder_version=\u00a0\u00bb4.16&Prime; _module_preset=\u00a0\u00bbdefault\u00a0\u00bb global_colors_info=\u00a0\u00bb{}\u00a0\u00bb][et_pb_text content_last_edited=\u00a0\u00bboff|tablet\u00a0\u00bb module_class=\u00a0\u00bbfrais-legende-wrap\u00a0\u00bb _builder_version=\u00a0\u00bb4.27.4&Prime; _module_preset=\u00a0\u00bbdefault\u00a0\u00bb use_background_color_gradient=\u00a0\u00bbon\u00a0\u00bb background_color_gradient_direction=\u00a0\u00bb90deg\u00a0\u00bb background_color_gradient_stops=\u00a0\u00bbrgba(255,255,255,0.48) 0%|rgba(255,255,255,0) 100%\u00a0\u00bb background_color_gradient_start=\u00a0\u00bbrgba(255,255,255,0.48)\u00a0\u00bb background_color_gradient_end=\u00a0\u00bbrgba(255,255,255,0)\u00a0\u00bb positioning=\u00a0\u00bbabsolute\u00a0\u00bb z_index=\u00a0\u00bb233&Prime; position_origin_a_tablet=\u00a0\u00bb\u00a0\u00bb position_origin_a_phone=\u00a0\u00bb\u00a0\u00bb position_origin_a_last_edited=\u00a0\u00bbon|desktop\u00a0\u00bb position_origin_f_tablet=\u00a0\u00bb\u00a0\u00bb position_origin_f_phone=\u00a0\u00bb\u00a0\u00bb position_origin_f_last_edited=\u00a0\u00bbon|desktop\u00a0\u00bb position_origin_r_tablet=\u00a0\u00bb\u00a0\u00bb position_origin_r_phone=\u00a0\u00bb\u00a0\u00bb position_origin_r_last_edited=\u00a0\u00bbon|desktop\u00a0\u00bb custom_padding=\u00a0\u00bb5%|5%|5%|5%|false|false\u00a0\u00bb positioning_tablet=\u00a0\u00bbrelative\u00a0\u00bb positioning_phone=\u00a0\u00bbrelative\u00a0\u00bb positioning_last_edited=\u00a0\u00bbon|tablet\u00a0\u00bb global_colors_info=\u00a0\u00bb{}\u00a0\u00bb]<\/p>\n<h3><strong>Frais de d\u00e9placement<\/strong><\/h3>\n<div class=\"wrap-zone\">\n<div class=\"legende-zone1\"><\/div>\n<p><strong>Zone 1 : Fr.115.-<\/strong><\/p>\n<\/div>\n<div class=\"wrap-zone\">\n<div class=\"legende-zone2\"><\/div>\n<p><strong>Zone 2 : Fr.185.-<\/strong><\/p>\n<\/div>\n<p>[\/et_pb_text][et_pb_image src=\u00a0\u00bbhttps:\/\/www.chronoflex.ch\/\/wp-content\/uploads\/2017\/03\/map-zones2021.svg\u00a0\u00bb alt=\u00a0\u00bbmaillage-national-suisse-chrono-flex\u00a0\u00bb title_text=\u00a0\u00bbmaillage-national-suisse-chrono-flex\u00a0\u00bb _builder_version=\u00a0\u00bb4.16&Prime; _module_preset=\u00a0\u00bbdefault\u00a0\u00bb custom_margin=\u00a0\u00bb10%||||false|false\u00a0\u00bb global_colors_info=\u00a0\u00bb{}\u00a0\u00bb][\/et_pb_image][\/et_pb_column][\/et_pb_row][\/et_pb_section][et_pb_section fb_built=\u00a0\u00bb1&Prime; _builder_version=\u00a0\u00bb4.16&Prime; _module_preset=\u00a0\u00bbdefault\u00a0\u00bb background_color=\u00a0\u00bbrgba(0,35,7,0.13)\u00a0\u00bb background_image=\u00a0\u00bbhttps:\/\/www.chronoflex.ch\/\/wp-content\/uploads\/2022\/03\/Carte-CHRONOFlex-Suisse.jpg\u00a0\u00bb min_height=\u00a0\u00bb370px\u00a0\u00bb custom_padding=\u00a0\u00bb0px||0px||false|false\u00a0\u00bb da_disable_devices=\u00a0\u00bboff|off|off\u00a0\u00bb saved_tabs=\u00a0\u00bball\u00a0\u00bb global_colors_info=\u00a0\u00bb{}\u00a0\u00bb da_is_popup=\u00a0\u00bboff\u00a0\u00bb da_exit_intent=\u00a0\u00bboff\u00a0\u00bb da_has_close=\u00a0\u00bbon\u00a0\u00bb da_alt_close=\u00a0\u00bboff\u00a0\u00bb da_dark_close=\u00a0\u00bboff\u00a0\u00bb da_not_modal=\u00a0\u00bbon\u00a0\u00bb da_is_singular=\u00a0\u00bboff\u00a0\u00bb da_with_loader=\u00a0\u00bboff\u00a0\u00bb da_has_shadow=\u00a0\u00bbon\u00a0\u00bb][et_pb_row _builder_version=\u00a0\u00bb4.16&Prime; _module_preset=\u00a0\u00bbdefault\u00a0\u00bb background_color=\u00a0\u00bbrgba(255,255,255,0.85)\u00a0\u00bb positioning=\u00a0\u00bbabsolute\u00a0\u00bb horizontal_offset=\u00a0\u00bb10%\u00a0\u00bb width=\u00a0\u00bbauto\u00a0\u00bb max_width=\u00a0\u00bbnone\u00a0\u00bb height=\u00a0\u00bb100%\u00a0\u00bb custom_padding=\u00a0\u00bb2%|3%|2%|3%|false|false\u00a0\u00bb global_colors_info=\u00a0\u00bb{}\u00a0\u00bb][et_pb_column type=\u00a0\u00bb4_4&Prime; _builder_version=\u00a0\u00bb4.16&Prime; _module_preset=\u00a0\u00bbdefault\u00a0\u00bb global_colors_info=\u00a0\u00bb{}\u00a0\u00bb][et_pb_text _builder_version=\u00a0\u00bb4.16&Prime; _module_preset=\u00a0\u00bbdefault\u00a0\u00bb global_colors_info=\u00a0\u00bb{}\u00a0\u00bb]<\/p>\n<h2 class=\"Content__title\"><strong>Contactez-nous<br \/><\/strong><span style=\"color: #000000;\">pour plus de d\u00e9tails<\/span><\/h2>\n<div class=\"Contact-infos\">\n<p><a class=\"Contact-infos__desc\" href=\"tel:0848 099 099\"><\/a><\/p>\n<\/div>\n<p>[\/et_pb_text][et_pb_divider color=\u00a0\u00bbgcid-10934ff7-b0f7-4779-a132-cf876bb4915e\u00a0\u00bb divider_weight=\u00a0\u00bb3px\u00a0\u00bb _builder_version=\u00a0\u00bb4.16&Prime; _module_preset=\u00a0\u00bbdefault\u00a0\u00bb width=\u00a0\u00bb20%\u00a0\u00bb module_alignment=\u00a0\u00bbleft\u00a0\u00bb global_colors_info=\u00a0\u00bb{%22gcid-10934ff7-b0f7-4779-a132-cf876bb4915e%22:%91%22color%22%93}\u00a0\u00bb][\/et_pb_divider][et_pb_text _builder_version=\u00a0\u00bb4.16&Prime; _module_preset=\u00a0\u00bbdefault\u00a0\u00bb text_font=\u00a0\u00bb|600|||||||\u00a0\u00bb text_text_color=\u00a0\u00bb#000000&Prime; link_text_color=\u00a0\u00bb#000000&Prime; global_colors_info=\u00a0\u00bb{}\u00a0\u00bb]<\/p>\n<h2 class=\"Content__title\"><\/h2>\n<div class=\"Contact-infos\">\n<p><img loading=\"lazy\" decoding=\"async\" src=\"https:\/\/www.chronoflex.ch\/\/wp-content\/uploads\/2022\/03\/Localisation.svg\" width=\"20\" height=\"20\" alt=\"Adresse\" class=\"wp-image-3421 alignleft size-thumbnail\" \/><span class=\"Contact-infos__desc\">Chronoflex Schweiz AG<br \/>Hasenmattstr. 2<br \/>CH-4900 Langenthal<\/span><\/p>\n<p><i class=\"fa fa-envelope\" aria-hidden=\"true\"><\/i><img loading=\"lazy\" decoding=\"async\" src=\"https:\/\/www.chronoflex.ch\/\/wp-content\/uploads\/2022\/03\/email.svg\" width=\"20\" height=\"20\" alt=\"Email\" class=\"wp-image-3425 alignleft size-thumbnail\" \/><a class=\"Contact-infos__desc\" href=\"mailto:info@chronoflex.ch\">info@chronoflex.ch<\/a><\/p>\n<p><i class=\"fa fa-phone\" aria-hidden=\"true\"><\/i><img loading=\"lazy\" decoding=\"async\" src=\"https:\/\/www.chronoflex.ch\/\/wp-content\/uploads\/2022\/03\/Telephone.svg\" width=\"20\" height=\"20\" alt=\"T\u00e9l\u00e9phone\" class=\"wp-image-3429 alignleft size-thumbnail\" \/><a class=\"Contact-infos__desc\" href=\"tel:0848 099 099\">0848 099 099<\/a><\/p>\n<\/div>\n<p>[\/et_pb_text][\/et_pb_column][\/et_pb_row][\/et_pb_section]<\/p>\n","protected":false},"excerpt":{"rendered":"<p>Nos tarifsDes prix adapt\u00e9s \u00e0 vos besoins ! Chez Chronoflex, les tarifs sont calcul\u00e9s au plus juste en fonction de votre zone g\u00e9ographique, de l&rsquo;heure \u00e0 laquelle vous souhaitez \u00eatre d\u00e9pann\u00e9, et du type d&rsquo;intervention souhait\u00e9 (Intervention urgente \/ non-urgente ; Maintenance pr\u00e9ventive..). Retrouvez ci-dessous notre grille tarifaire : &nbsp; INTERVENTION URGENTE NON URGENTEintervention en [&hellip;]<\/p>\n","protected":false},"author":1,"featured_media":0,"parent":3255,"menu_order":0,"comment_status":"closed","ping_status":"closed","template":"","meta":{"_et_pb_use_builder":"on","_et_pb_old_content":"","_et_gb_content_width":"","footnotes":""},"class_list":["post-3271","page","type-page","status-publish","hentry"],"yoast_head":"<!-- This site is optimized with the Yoast SEO plugin v27.3 - https:\/\/yoast.com\/product\/yoast-seo-wordpress\/ -->\n<title>Nos tarifs - CHRONO Flex Suisse<\/title>\n<meta name=\"robots\" content=\"index, follow, max-snippet:-1, max-image-preview:large, max-video-preview:-1\" \/>\n<link rel=\"canonical\" href=\"https:\/\/www.chronoflex.ch\/fr\/nos-prestations\/nos-tarifs\/\" \/>\n<meta property=\"og:locale\" content=\"fr_FR\" \/>\n<meta property=\"og:type\" content=\"article\" \/>\n<meta property=\"og:title\" content=\"Nos tarifs - CHRONO Flex Suisse\" \/>\n<meta property=\"og:url\" content=\"https:\/\/www.chronoflex.ch\/fr\/nos-prestations\/nos-tarifs\/\" \/>\n<meta property=\"og:site_name\" content=\"CHRONO Flex Suisse\" \/>\n<meta property=\"article:modified_time\" content=\"2026-01-19T08:48:58+00:00\" \/>\n<meta property=\"og:image\" content=\"https:\/\/www.chronoflex.ch\/\/wp-content\/uploads\/2022\/03\/Localisation.svg\" \/>\n<meta name=\"twitter:card\" content=\"summary_large_image\" \/>\n<meta name=\"twitter:label1\" content=\"Dur\u00e9e de lecture estim\u00e9e\" \/>\n\t<meta name=\"twitter:data1\" content=\"5 minutes\" \/>\n<script type=\"application\/ld+json\" class=\"yoast-schema-graph\">{\"@context\":\"https:\\\/\\\/schema.org\",\"@graph\":[{\"@type\":\"WebPage\",\"@id\":\"https:\\\/\\\/www.chronoflex.ch\\\/fr\\\/nos-prestations\\\/nos-tarifs\\\/\",\"url\":\"https:\\\/\\\/www.chronoflex.ch\\\/fr\\\/nos-prestations\\\/nos-tarifs\\\/\",\"name\":\"Nos tarifs - CHRONO Flex Suisse\",\"isPartOf\":{\"@id\":\"https:\\\/\\\/www.chronoflex.ch\\\/#website\"},\"primaryImageOfPage\":{\"@id\":\"https:\\\/\\\/www.chronoflex.ch\\\/fr\\\/nos-prestations\\\/nos-tarifs\\\/#primaryimage\"},\"image\":{\"@id\":\"https:\\\/\\\/www.chronoflex.ch\\\/fr\\\/nos-prestations\\\/nos-tarifs\\\/#primaryimage\"},\"thumbnailUrl\":\"https:\\\/\\\/www.chronoflex.ch\\\/\\\/wp-content\\\/uploads\\\/2022\\\/03\\\/Localisation.svg\",\"datePublished\":\"2022-03-07T15:43:59+00:00\",\"dateModified\":\"2026-01-19T08:48:58+00:00\",\"breadcrumb\":{\"@id\":\"https:\\\/\\\/www.chronoflex.ch\\\/fr\\\/nos-prestations\\\/nos-tarifs\\\/#breadcrumb\"},\"inLanguage\":\"fr-FR\",\"potentialAction\":[{\"@type\":\"ReadAction\",\"target\":[\"https:\\\/\\\/www.chronoflex.ch\\\/fr\\\/nos-prestations\\\/nos-tarifs\\\/\"]}]},{\"@type\":\"ImageObject\",\"inLanguage\":\"fr-FR\",\"@id\":\"https:\\\/\\\/www.chronoflex.ch\\\/fr\\\/nos-prestations\\\/nos-tarifs\\\/#primaryimage\",\"url\":\"https:\\\/\\\/www.chronoflex.ch\\\/\\\/wp-content\\\/uploads\\\/2022\\\/03\\\/Localisation.svg\",\"contentUrl\":\"https:\\\/\\\/www.chronoflex.ch\\\/\\\/wp-content\\\/uploads\\\/2022\\\/03\\\/Localisation.svg\"},{\"@type\":\"BreadcrumbList\",\"@id\":\"https:\\\/\\\/www.chronoflex.ch\\\/fr\\\/nos-prestations\\\/nos-tarifs\\\/#breadcrumb\",\"itemListElement\":[{\"@type\":\"ListItem\",\"position\":1,\"name\":\"Home\",\"item\":\"https:\\\/\\\/www.chronoflex.ch\\\/fr\\\/\"},{\"@type\":\"ListItem\",\"position\":2,\"name\":\"Nos prestations\",\"item\":\"https:\\\/\\\/www.chronoflex.ch\\\/fr\\\/nos-prestations\\\/\"},{\"@type\":\"ListItem\",\"position\":3,\"name\":\"Nos tarifs\"}]},{\"@type\":\"WebSite\",\"@id\":\"https:\\\/\\\/www.chronoflex.ch\\\/#website\",\"url\":\"https:\\\/\\\/www.chronoflex.ch\\\/\",\"name\":\"CHRONO Flex Suisse\",\"description\":\"Flexibles hydrauliques sur site 24h\\\/7j\",\"potentialAction\":[{\"@type\":\"SearchAction\",\"target\":{\"@type\":\"EntryPoint\",\"urlTemplate\":\"https:\\\/\\\/www.chronoflex.ch\\\/?s={search_term_string}\"},\"query-input\":{\"@type\":\"PropertyValueSpecification\",\"valueRequired\":true,\"valueName\":\"search_term_string\"}}],\"inLanguage\":\"fr-FR\"}]}<\/script>\n<!-- \/ Yoast SEO plugin. -->","yoast_head_json":{"title":"Nos tarifs - CHRONO Flex Suisse","robots":{"index":"index","follow":"follow","max-snippet":"max-snippet:-1","max-image-preview":"max-image-preview:large","max-video-preview":"max-video-preview:-1"},"canonical":"https:\/\/www.chronoflex.ch\/fr\/nos-prestations\/nos-tarifs\/","og_locale":"fr_FR","og_type":"article","og_title":"Nos tarifs - CHRONO Flex Suisse","og_url":"https:\/\/www.chronoflex.ch\/fr\/nos-prestations\/nos-tarifs\/","og_site_name":"CHRONO Flex Suisse","article_modified_time":"2026-01-19T08:48:58+00:00","og_image":[{"url":"https:\/\/www.chronoflex.ch\/\/wp-content\/uploads\/2022\/03\/Localisation.svg","type":"","width":"","height":""}],"twitter_card":"summary_large_image","twitter_misc":{"Dur\u00e9e de lecture estim\u00e9e":"5 minutes"},"schema":{"@context":"https:\/\/schema.org","@graph":[{"@type":"WebPage","@id":"https:\/\/www.chronoflex.ch\/fr\/nos-prestations\/nos-tarifs\/","url":"https:\/\/www.chronoflex.ch\/fr\/nos-prestations\/nos-tarifs\/","name":"Nos tarifs - CHRONO Flex Suisse","isPartOf":{"@id":"https:\/\/www.chronoflex.ch\/#website"},"primaryImageOfPage":{"@id":"https:\/\/www.chronoflex.ch\/fr\/nos-prestations\/nos-tarifs\/#primaryimage"},"image":{"@id":"https:\/\/www.chronoflex.ch\/fr\/nos-prestations\/nos-tarifs\/#primaryimage"},"thumbnailUrl":"https:\/\/www.chronoflex.ch\/\/wp-content\/uploads\/2022\/03\/Localisation.svg","datePublished":"2022-03-07T15:43:59+00:00","dateModified":"2026-01-19T08:48:58+00:00","breadcrumb":{"@id":"https:\/\/www.chronoflex.ch\/fr\/nos-prestations\/nos-tarifs\/#breadcrumb"},"inLanguage":"fr-FR","potentialAction":[{"@type":"ReadAction","target":["https:\/\/www.chronoflex.ch\/fr\/nos-prestations\/nos-tarifs\/"]}]},{"@type":"ImageObject","inLanguage":"fr-FR","@id":"https:\/\/www.chronoflex.ch\/fr\/nos-prestations\/nos-tarifs\/#primaryimage","url":"https:\/\/www.chronoflex.ch\/\/wp-content\/uploads\/2022\/03\/Localisation.svg","contentUrl":"https:\/\/www.chronoflex.ch\/\/wp-content\/uploads\/2022\/03\/Localisation.svg"},{"@type":"BreadcrumbList","@id":"https:\/\/www.chronoflex.ch\/fr\/nos-prestations\/nos-tarifs\/#breadcrumb","itemListElement":[{"@type":"ListItem","position":1,"name":"Home","item":"https:\/\/www.chronoflex.ch\/fr\/"},{"@type":"ListItem","position":2,"name":"Nos prestations","item":"https:\/\/www.chronoflex.ch\/fr\/nos-prestations\/"},{"@type":"ListItem","position":3,"name":"Nos tarifs"}]},{"@type":"WebSite","@id":"https:\/\/www.chronoflex.ch\/#website","url":"https:\/\/www.chronoflex.ch\/","name":"CHRONO Flex Suisse","description":"Flexibles hydrauliques sur site 24h\/7j","potentialAction":[{"@type":"SearchAction","target":{"@type":"EntryPoint","urlTemplate":"https:\/\/www.chronoflex.ch\/?s={search_term_string}"},"query-input":{"@type":"PropertyValueSpecification","valueRequired":true,"valueName":"search_term_string"}}],"inLanguage":"fr-FR"}]}},"_links":{"self":[{"href":"https:\/\/www.chronoflex.ch\/fr\/wp-json\/wp\/v2\/pages\/3271","targetHints":{"allow":["GET"]}}],"collection":[{"href":"https:\/\/www.chronoflex.ch\/fr\/wp-json\/wp\/v2\/pages"}],"about":[{"href":"https:\/\/www.chronoflex.ch\/fr\/wp-json\/wp\/v2\/types\/page"}],"author":[{"embeddable":true,"href":"https:\/\/www.chronoflex.ch\/fr\/wp-json\/wp\/v2\/users\/1"}],"replies":[{"embeddable":true,"href":"https:\/\/www.chronoflex.ch\/fr\/wp-json\/wp\/v2\/comments?post=3271"}],"version-history":[{"count":17,"href":"https:\/\/www.chronoflex.ch\/fr\/wp-json\/wp\/v2\/pages\/3271\/revisions"}],"predecessor-version":[{"id":4367,"href":"https:\/\/www.chronoflex.ch\/fr\/wp-json\/wp\/v2\/pages\/3271\/revisions\/4367"}],"up":[{"embeddable":true,"href":"https:\/\/www.chronoflex.ch\/fr\/wp-json\/wp\/v2\/pages\/3255"}],"wp:attachment":[{"href":"https:\/\/www.chronoflex.ch\/fr\/wp-json\/wp\/v2\/media?parent=3271"}],"curies":[{"name":"wp","href":"https:\/\/api.w.org\/{rel}","templated":true}]}}