{"id":3267,"date":"2022-03-07T16:39:00","date_gmt":"2022-03-07T15:39:00","guid":{"rendered":"https:\/\/www.chronoflex.ch\/?page_id=3267"},"modified":"2022-07-22T16:50:50","modified_gmt":"2022-07-22T14:50:50","slug":"maintenance-preventive","status":"publish","type":"page","link":"https:\/\/www.chronoflex.ch\/fr\/nos-prestations\/maintenance-preventive\/","title":{"rendered":"Maintenance pr\u00e9ventive"},"content":{"rendered":"<p>[et_pb_section fb_built=\u00a0\u00bb1&Prime; module_class=\u00a0\u00bbflex-center\u00a0\u00bb _builder_version=\u00a0\u00bb4.14.7&Prime; _module_preset=\u00a0\u00bbdefault\u00a0\u00bb background_image=\u00a0\u00bbhttps:\/\/www.chronoflex.ch\/\/wp-content\/uploads\/2022\/07\/Maintenance-preventive-anticiper-les-pannes-2.jpg\u00a0\u00bb height=\u00a0\u00bb40vh\u00a0\u00bb custom_css_main_element=\u00a0\u00bbbackground-position: 0% 60%;\u00a0\u00bb global_colors_info=\u00a0\u00bb{}\u00a0\u00bb][et_pb_row _builder_version=\u00a0\u00bb4.14.7&Prime; _module_preset=\u00a0\u00bbdefault\u00a0\u00bb positioning=\u00a0\u00bbabsolute\u00a0\u00bb position_origin_a=\u00a0\u00bbcenter_center\u00a0\u00bb global_colors_info=\u00a0\u00bb{}\u00a0\u00bb][et_pb_column type=\u00a0\u00bb4_4&Prime; _builder_version=\u00a0\u00bb4.14.7&Prime; _module_preset=\u00a0\u00bbdefault\u00a0\u00bb global_colors_info=\u00a0\u00bb{}\u00a0\u00bb][et_pb_text _builder_version=\u00a0\u00bb4.14.7&Prime; _module_preset=\u00a0\u00bbdefault\u00a0\u00bb text_text_color=\u00a0\u00bbgcid-7af1137e-c770-4d4e-b1fe-6ffe03649b2a\u00a0\u00bb header_text_align=\u00a0\u00bbright\u00a0\u00bb header_text_color=\u00a0\u00bb#004588&Prime; background_color=\u00a0\u00bb#FFFFFF\u00a0\u00bb positioning=\u00a0\u00bbabsolute\u00a0\u00bb position_origin_a=\u00a0\u00bbcenter_center\u00a0\u00bb custom_padding=\u00a0\u00bb1%|5%|1%|5%|false|false\u00a0\u00bb border_width_bottom=\u00a0\u00bb3px\u00a0\u00bb border_color_bottom=\u00a0\u00bb#ab0f15&Prime; global_colors_info=\u00a0\u00bb{%22gcid-7af1137e-c770-4d4e-b1fe-6ffe03649b2a%22:%91%22text_text_color%22%93}\u00a0\u00bb]<\/p>\n<h1 style=\"text-align: center;\"><strong>Maintenance pr\u00e9ventive<br \/>\n<\/strong><strong style=\"font-size: .5em; color: #ca171e;\">de vos syst\u00e8mes hydrauliques<\/strong><\/h1>\n<p>[\/et_pb_text][\/et_pb_column][\/et_pb_row][\/et_pb_section][et_pb_section fb_built=\u00a0\u00bb1&Prime; _builder_version=\u00a0\u00bb4.14.7&Prime; _module_preset=\u00a0\u00bbdefault\u00a0\u00bb global_colors_info=\u00a0\u00bb{}\u00a0\u00bb][et_pb_row _builder_version=\u00a0\u00bb4.14.7&Prime; _module_preset=\u00a0\u00bbdefault\u00a0\u00bb global_colors_info=\u00a0\u00bb{}\u00a0\u00bb][et_pb_column type=\u00a0\u00bb4_4&Prime; _builder_version=\u00a0\u00bb4.14.7&Prime; _module_preset=\u00a0\u00bbdefault\u00a0\u00bb global_colors_info=\u00a0\u00bb{}\u00a0\u00bb][et_pb_text _builder_version=\u00a0\u00bb4.14.7&Prime; _module_preset=\u00a0\u00bbdefault\u00a0\u00bb hover_enabled=\u00a0\u00bb0&Prime; global_colors_info=\u00a0\u00bb{}\u00a0\u00bb sticky_enabled=\u00a0\u00bb0&Prime;]<\/p>\n<h2 style=\"text-align: center;\"><strong>N&rsquo;attendez plus l&rsquo;urgence, anticipez vos besoins gr\u00e2ce \u00e0 la maintenance<\/strong><\/h2>\n<p style=\"text-align: center; margin-top:20px; margin-bottom:-10px;\"><img loading=\"lazy\" decoding=\"async\" src=\"https:\/\/www.chronoflex.ch\/\/wp-content\/uploads\/2022\/07\/attention.svg\" width=\"41\" height=\"36\" alt=\"maintenance pr\u00e9ventive - attention date\" class=\"wp-image-3973 alignnone size-thumbnail\" \/><\/p>\n<p style=\"text-align: center;margin-top:0px;\"><strong><b>du 15 novembre \u00e0 fin f\u00e9vrier et tout le mois d&rsquo;ao\u00fbt<\/b><\/strong><\/p>\n<p><span><\/span><\/p>\n<p style=\"text-align: center;\">Des flexibles hydrauliques us\u00e9s peuvent mener \u00e0 l\u2019arr\u00eat total d\u2019un chantier, ou d\u2019une production. Pour cette raison, Chronoflex vous propose sa solution de maintenance pr\u00e9ventive afin d\u2019\u00e9viter les urgences qui pourraient avoir des cons\u00e9quences sur vos chantiers \/ productions.<\/p>\n<p>[\/et_pb_text][\/et_pb_column][\/et_pb_row][et_pb_row _builder_version=\u00a0\u00bb4.14.7&Prime; _module_preset=\u00a0\u00bbdefault\u00a0\u00bb global_colors_info=\u00a0\u00bb{}\u00a0\u00bb][et_pb_column type=\u00a0\u00bb4_4&Prime; _builder_version=\u00a0\u00bb4.14.7&Prime; _module_preset=\u00a0\u00bbdefault\u00a0\u00bb global_colors_info=\u00a0\u00bb{}\u00a0\u00bb][et_pb_button button_url=\u00a0\u00bbtel:0848099099&Prime; button_text=\u00a0\u00bbJe souhaite une maintenance\u00a0\u00bb _builder_version=\u00a0\u00bb4.14.7&Prime; _module_preset=\u00a0\u00bb3d393a71-91b7-4b17-a5ca-30d9ea7bfa4d\u00a0\u00bb global_colors_info=\u00a0\u00bb{}\u00a0\u00bb][\/et_pb_button][\/et_pb_column][\/et_pb_row][\/et_pb_section][et_pb_section fb_built=\u00a0\u00bb1&Prime; _builder_version=\u00a0\u00bb4.14.7&Prime; _module_preset=\u00a0\u00bbdefault\u00a0\u00bb global_colors_info=\u00a0\u00bb{}\u00a0\u00bb][et_pb_row column_structure=\u00a0\u00bb2_5,3_5&Prime; make_equal=\u00a0\u00bbon\u00a0\u00bb _builder_version=\u00a0\u00bb4.14.7&Prime; _module_preset=\u00a0\u00bbdefault\u00a0\u00bb global_colors_info=\u00a0\u00bb{}\u00a0\u00bb][et_pb_column type=\u00a0\u00bb2_5&Prime; _builder_version=\u00a0\u00bb4.14.7&Prime; _module_preset=\u00a0\u00bbdefault\u00a0\u00bb global_colors_info=\u00a0\u00bb{}\u00a0\u00bb][et_pb_image src=\u00a0\u00bbhttps:\/\/www.chronoflex.ch\/\/wp-content\/uploads\/2021\/07\/Foto6.jpg\u00a0\u00bb title_text=\u00a0\u00bbFoto6&Prime; _builder_version=\u00a0\u00bb4.14.7&Prime; _module_preset=\u00a0\u00bbdefault\u00a0\u00bb global_colors_info=\u00a0\u00bb{}\u00a0\u00bb][\/et_pb_image][\/et_pb_column][et_pb_column type=\u00a0\u00bb3_5&Prime; _builder_version=\u00a0\u00bb4.14.7&Prime; _module_preset=\u00a0\u00bbdefault\u00a0\u00bb custom_css_main_element=\u00a0\u00bbdisplay: flex;||flex-direction: column;||justify-content: center;\u00a0\u00bb global_colors_info=\u00a0\u00bb{}\u00a0\u00bb][et_pb_text _builder_version=\u00a0\u00bb4.14.7&Prime; _module_preset=\u00a0\u00bbdefault\u00a0\u00bb global_colors_info=\u00a0\u00bb{}\u00a0\u00bb]<\/p>\n<h2 dir=\"auto\"><span>Maintenance pr\u00e9ventive de vos <\/span><strong>syst\u00e8mes et parc machines<\/strong><\/h2>\n<p dir=\"auto\">\n<p dir=\"auto\">La dur\u00e9e de vie de vos flexibles hydrauliques peut d\u00e9pendre de plusieurs facteurs, notamment de l\u2019environnement de travail, de l\u2019usure, de l\u2019\u00e9tat du site et aussi des chocs et impulsions subies par vos \u00e9quipements.<\/p>\n<p dir=\"auto\">\n<p>[\/et_pb_text][\/et_pb_column][\/et_pb_row][et_pb_row column_structure=\u00a0\u00bb3_5,2_5&Prime; make_equal=\u00a0\u00bbon\u00a0\u00bb _builder_version=\u00a0\u00bb4.14.7&Prime; _module_preset=\u00a0\u00bbdefault\u00a0\u00bb global_colors_info=\u00a0\u00bb{}\u00a0\u00bb][et_pb_column type=\u00a0\u00bb3_5&Prime; _builder_version=\u00a0\u00bb4.14.7&Prime; _module_preset=\u00a0\u00bbdefault\u00a0\u00bb custom_css_main_element=\u00a0\u00bbdisplay: flex;||flex-direction: column;||justify-content: center;\u00a0\u00bb global_colors_info=\u00a0\u00bb{}\u00a0\u00bb][et_pb_text _builder_version=\u00a0\u00bb4.14.7&Prime; _module_preset=\u00a0\u00bbdefault\u00a0\u00bb global_colors_info=\u00a0\u00bb{}\u00a0\u00bb]<\/p>\n<h2 dir=\"auto\"><span>La <\/span><strong>solution de maintenance pr\u00e9ventive<\/strong><span> de Chronoflex<\/span><\/h2>\n<p dir=\"auto\">Vous pouvez faire appel \u00e0 Chronoflex, \u00e0 partir de 5 flexibles, pour votre maintenance pr\u00e9ventive. Un devis gratuit sera \u00e9tabli, d\u00e8s la validation du devis, nous interviendrons entre 3 \u00e0 5 jours.<br \/><span style=\"text-decoration: underline;\"><\/span><\/p>\n<p dir=\"auto\"><span style=\"text-decoration: underline;\">Plusieurs options sont possibles :<\/span><\/p>\n<ol>\n<li dir=\"auto\">Nous pouvons nous occuper du d\u00e9montage et du montage des flexibles<\/li>\n<li dir=\"auto\">Vous pouvez d\u00e9monter les flexibles, et nous nous occupons du montage<\/li>\n<li dir=\"auto\">Nous changeons seulement les flexibles et le d\u00e9montage et montage sont \u00e0 votre charge<\/li>\n<\/ol>\n<p>[\/et_pb_text][\/et_pb_column][et_pb_column type=\u00a0\u00bb2_5&Prime; _builder_version=\u00a0\u00bb4.14.7&Prime; _module_preset=\u00a0\u00bbdefault\u00a0\u00bb global_colors_info=\u00a0\u00bb{}\u00a0\u00bb][et_pb_image src=\u00a0\u00bbhttps:\/\/www.chronoflex.ch\/\/wp-content\/uploads\/2022\/07\/Maintenance-preventive-machines.jpg\u00a0\u00bb alt=\u00a0\u00bbMaintenance pr\u00e9ventive optimiser vos budgets\u00a0\u00bb title_text=\u00a0\u00bbMaintenance-preventive-machines\u00a0\u00bb _builder_version=\u00a0\u00bb4.14.7&Prime; _module_preset=\u00a0\u00bbdefault\u00a0\u00bb hover_enabled=\u00a0\u00bb0&Prime; global_colors_info=\u00a0\u00bb{}\u00a0\u00bb sticky_enabled=\u00a0\u00bb0&Prime;][\/et_pb_image][\/et_pb_column][\/et_pb_row][et_pb_row _builder_version=\u00a0\u00bb4.14.7&Prime; _module_preset=\u00a0\u00bbdefault\u00a0\u00bb global_colors_info=\u00a0\u00bb{}\u00a0\u00bb][et_pb_column type=\u00a0\u00bb4_4&Prime; _builder_version=\u00a0\u00bb4.14.7&Prime; _module_preset=\u00a0\u00bbdefault\u00a0\u00bb global_colors_info=\u00a0\u00bb{}\u00a0\u00bb][et_pb_button button_url=\u00a0\u00bbtel:0848099099&Prime; button_text=\u00a0\u00bbAppeler le 0848 099 099&Prime; _builder_version=\u00a0\u00bb4.14.7&Prime; _module_preset=\u00a0\u00bb3d393a71-91b7-4b17-a5ca-30d9ea7bfa4d\u00a0\u00bb global_colors_info=\u00a0\u00bb{}\u00a0\u00bb][\/et_pb_button][\/et_pb_column][\/et_pb_row][\/et_pb_section][et_pb_section fb_built=\u00a0\u00bb1&Prime; _builder_version=\u00a0\u00bb4.14.7&Prime; _module_preset=\u00a0\u00bbdefault\u00a0\u00bb background_color=\u00a0\u00bbgcid-10934ff7-b0f7-4779-a132-cf876bb4915e\u00a0\u00bb background_image=\u00a0\u00bbhttps:\/\/www.chronoflex.ch\/\/wp-content\/uploads\/2021\/09\/InkedBus_LI.jpg\u00a0\u00bb background_enable_image=\u00a0\u00bboff\u00a0\u00bb global_module=\u00a0\u00bb3260&Prime; global_colors_info=\u00a0\u00bb{%22gcid-10934ff7-b0f7-4779-a132-cf876bb4915e%22:%91%22background_color%22%93}\u00a0\u00bb][et_pb_row column_structure=\u00a0\u00bb1_3,1_3,1_3&Prime; _builder_version=\u00a0\u00bb4.14.7&Prime; _module_preset=\u00a0\u00bbdefault\u00a0\u00bb global_colors_info=\u00a0\u00bb{}\u00a0\u00bb][et_pb_column type=\u00a0\u00bb1_3&Prime; _builder_version=\u00a0\u00bb4.14.7&Prime; _module_preset=\u00a0\u00bbdefault\u00a0\u00bb global_colors_info=\u00a0\u00bb{}\u00a0\u00bb][et_pb_image src=\u00a0\u00bbhttps:\/\/www.chronoflex.ch\/\/wp-content\/uploads\/2017\/03\/clinique-du-flex.png\u00a0\u00bb alt=\u00a0\u00bbClinique du flex\u00a0\u00bb title_text=\u00a0\u00bbclinique-du-flex\u00a0\u00bb _builder_version=\u00a0\u00bb4.14.7&Prime; _module_preset=\u00a0\u00bbdefault\u00a0\u00bb background_color=\u00a0\u00bb#FFFFFF\u00a0\u00bb z_index=\u00a0\u00bb30&Prime; width=\u00a0\u00bb150px\u00a0\u00bb module_alignment=\u00a0\u00bbcenter\u00a0\u00bb custom_margin=\u00a0\u00bb0px||0px||false|false\u00a0\u00bb custom_padding=\u00a0\u00bb10px|10px|10px|10px|false|false\u00a0\u00bb custom_css_main_element=\u00a0\u00bbborder-radius:50%;\u00a0\u00bb global_colors_info=\u00a0\u00bb{}\u00a0\u00bb][\/et_pb_image][et_pb_button button_url=\u00a0\u00bb@ET-DC@eyJkeW5hbWljIjp0cnVlLCJjb250ZW50IjoicG9zdF9saW5rX3VybF9wYWdlIiwic2V0dGluZ3MiOnsicG9zdF9pZCI6IjEyNyJ9fQ==@\u00a0\u00bb button_text=\u00a0\u00bbClinique du flex\u00a0\u00bb button_alignment=\u00a0\u00bbcenter\u00a0\u00bb _builder_version=\u00a0\u00bb4.14.7&Prime; _dynamic_attributes=\u00a0\u00bbbutton_url\u00a0\u00bb _module_preset=\u00a0\u00bbdefault\u00a0\u00bb custom_button=\u00a0\u00bbon\u00a0\u00bb button_text_color=\u00a0\u00bb#FFFFFF\u00a0\u00bb button_bg_color=\u00a0\u00bb#fec907&Prime; button_border_width=\u00a0\u00bb0px\u00a0\u00bb button_border_radius=\u00a0\u00bb0px\u00a0\u00bb button_font=\u00a0\u00bb|600|||||||\u00a0\u00bb custom_margin=\u00a0\u00bb-12px||0px||false|false\u00a0\u00bb custom_padding=\u00a0\u00bb15px||15px||false|false\u00a0\u00bb global_colors_info=\u00a0\u00bb{}\u00a0\u00bb][\/et_pb_button][\/et_pb_column][et_pb_column type=\u00a0\u00bb1_3&Prime; _builder_version=\u00a0\u00bb4.14.7&Prime; _module_preset=\u00a0\u00bbdefault\u00a0\u00bb global_colors_info=\u00a0\u00bb{}\u00a0\u00bb][et_pb_image src=\u00a0\u00bbhttps:\/\/www.chronoflex.ch\/\/wp-content\/uploads\/2017\/03\/catalogue-produits.png\u00a0\u00bb alt=\u00a0\u00bbCatalogue produits\u00a0\u00bb title_text=\u00a0\u00bbcatalogue-produits\u00a0\u00bb _builder_version=\u00a0\u00bb4.14.7&Prime; _module_preset=\u00a0\u00bbdefault\u00a0\u00bb background_color=\u00a0\u00bb#FFFFFF\u00a0\u00bb z_index=\u00a0\u00bb30&Prime; width=\u00a0\u00bb150px\u00a0\u00bb module_alignment=\u00a0\u00bbcenter\u00a0\u00bb custom_margin=\u00a0\u00bb0px||0px||false|false\u00a0\u00bb custom_padding=\u00a0\u00bb10px|10px|10px|10px|false|false\u00a0\u00bb custom_css_main_element=\u00a0\u00bbborder-radius:50%;\u00a0\u00bb global_colors_info=\u00a0\u00bb{}\u00a0\u00bb][\/et_pb_image][et_pb_button button_url=\u00a0\u00bbhttps:\/\/catalogue.chronoflex.ch\/index.php\/fr\/\u00a0\u00bb button_text=\u00a0\u00bbCatalogue produits\u00a0\u00bb button_alignment=\u00a0\u00bbcenter\u00a0\u00bb _builder_version=\u00a0\u00bb4.14.7&Prime; _module_preset=\u00a0\u00bbdefault\u00a0\u00bb custom_button=\u00a0\u00bbon\u00a0\u00bb button_text_color=\u00a0\u00bb#FFFFFF\u00a0\u00bb button_bg_color=\u00a0\u00bb#fec907&Prime; button_border_width=\u00a0\u00bb0px\u00a0\u00bb button_border_radius=\u00a0\u00bb0px\u00a0\u00bb custom_margin=\u00a0\u00bb-12px||0px||false|false\u00a0\u00bb custom_padding=\u00a0\u00bb15px||15px||false|false\u00a0\u00bb global_colors_info=\u00a0\u00bb{}\u00a0\u00bb][\/et_pb_button][\/et_pb_column][et_pb_column type=\u00a0\u00bb1_3&Prime; _builder_version=\u00a0\u00bb4.14.7&Prime; _module_preset=\u00a0\u00bbdefault\u00a0\u00bb global_colors_info=\u00a0\u00bb{}\u00a0\u00bb][et_pb_image src=\u00a0\u00bbhttps:\/\/www.chronoflex.ch\/\/wp-content\/uploads\/2017\/03\/werkbank-2.png\u00a0\u00bb alt=\u00a0\u00bbchrono solution\u00a0\u00bb title_text=\u00a0\u00bbchrono solution\u00a0\u00bb _builder_version=\u00a0\u00bb4.14.7&Prime; _module_preset=\u00a0\u00bbdefault\u00a0\u00bb background_color=\u00a0\u00bb#FFFFFF\u00a0\u00bb z_index=\u00a0\u00bb30&Prime; width=\u00a0\u00bb150px\u00a0\u00bb module_alignment=\u00a0\u00bbcenter\u00a0\u00bb custom_margin=\u00a0\u00bb0px||0px||false|false\u00a0\u00bb custom_padding=\u00a0\u00bb10px|10px|10px|10px|false|false\u00a0\u00bb custom_css_main_element=\u00a0\u00bbborder-radius:50%;\u00a0\u00bb global_colors_info=\u00a0\u00bb{}\u00a0\u00bb][\/et_pb_image][et_pb_button button_text=\u00a0\u00bbChrono Solution\u00a0\u00bb button_alignment=\u00a0\u00bbcenter\u00a0\u00bb _builder_version=\u00a0\u00bb4.14.7&Prime; _module_preset=\u00a0\u00bbdefault\u00a0\u00bb custom_button=\u00a0\u00bbon\u00a0\u00bb button_text_color=\u00a0\u00bb#FFFFFF\u00a0\u00bb button_bg_color=\u00a0\u00bb#fec907&Prime; button_border_width=\u00a0\u00bb0px\u00a0\u00bb button_border_radius=\u00a0\u00bb0px\u00a0\u00bb custom_margin=\u00a0\u00bb-12px||0px||false|false\u00a0\u00bb custom_padding=\u00a0\u00bb15px||15px||false|false\u00a0\u00bb global_colors_info=\u00a0\u00bb{}\u00a0\u00bb][\/et_pb_button][\/et_pb_column][\/et_pb_row][\/et_pb_section]<\/p>\n","protected":false},"excerpt":{"rendered":"<p>Maintenance pr\u00e9ventive de vos syst\u00e8mes hydrauliquesN&rsquo;attendez plus l&rsquo;urgence, anticipez vos besoins gr\u00e2ce \u00e0 la maintenance du 15 novembre \u00e0 fin f\u00e9vrier et tout le mois d&rsquo;ao\u00fbt Des flexibles hydrauliques us\u00e9s peuvent mener \u00e0 l\u2019arr\u00eat total d\u2019un chantier, ou d\u2019une production. Pour cette raison, Chronoflex vous propose sa solution de maintenance pr\u00e9ventive afin d\u2019\u00e9viter les urgences [&hellip;]<\/p>\n","protected":false},"author":1,"featured_media":0,"parent":3255,"menu_order":0,"comment_status":"closed","ping_status":"closed","template":"","meta":{"_et_pb_use_builder":"on","_et_pb_old_content":"","_et_gb_content_width":"","footnotes":""},"class_list":["post-3267","page","type-page","status-publish","hentry"],"yoast_head":"<!-- This site is optimized with the Yoast SEO plugin v27.5 - https:\/\/yoast.com\/product\/yoast-seo-wordpress\/ -->\n<title>Maintenance pr\u00e9ventive - CHRONO Flex Suisse<\/title>\n<meta name=\"robots\" content=\"index, follow, max-snippet:-1, max-image-preview:large, max-video-preview:-1\" \/>\n<link rel=\"canonical\" href=\"https:\/\/www.chronoflex.ch\/fr\/nos-prestations\/maintenance-preventive\/\" \/>\n<meta property=\"og:locale\" content=\"fr_FR\" \/>\n<meta property=\"og:type\" content=\"article\" \/>\n<meta property=\"og:title\" content=\"Maintenance pr\u00e9ventive - CHRONO Flex Suisse\" \/>\n<meta property=\"og:url\" content=\"https:\/\/www.chronoflex.ch\/fr\/nos-prestations\/maintenance-preventive\/\" \/>\n<meta property=\"og:site_name\" content=\"CHRONO Flex Suisse\" \/>\n<meta property=\"article:modified_time\" content=\"2022-07-22T14:50:50+00:00\" \/>\n<meta property=\"og:image\" content=\"https:\/\/www.chronoflex.ch\/\/wp-content\/uploads\/2022\/07\/attention.svg\" \/>\n<meta name=\"twitter:card\" content=\"summary_large_image\" \/>\n<meta name=\"twitter:label1\" content=\"Dur\u00e9e de lecture estim\u00e9e\" \/>\n\t<meta name=\"twitter:data1\" content=\"6 minutes\" \/>\n<script type=\"application\/ld+json\" class=\"yoast-schema-graph\">{\"@context\":\"https:\\\/\\\/schema.org\",\"@graph\":[{\"@type\":\"WebPage\",\"@id\":\"https:\\\/\\\/www.chronoflex.ch\\\/fr\\\/nos-prestations\\\/maintenance-preventive\\\/\",\"url\":\"https:\\\/\\\/www.chronoflex.ch\\\/fr\\\/nos-prestations\\\/maintenance-preventive\\\/\",\"name\":\"Maintenance pr\u00e9ventive - CHRONO Flex Suisse\",\"isPartOf\":{\"@id\":\"https:\\\/\\\/www.chronoflex.ch\\\/#website\"},\"primaryImageOfPage\":{\"@id\":\"https:\\\/\\\/www.chronoflex.ch\\\/fr\\\/nos-prestations\\\/maintenance-preventive\\\/#primaryimage\"},\"image\":{\"@id\":\"https:\\\/\\\/www.chronoflex.ch\\\/fr\\\/nos-prestations\\\/maintenance-preventive\\\/#primaryimage\"},\"thumbnailUrl\":\"https:\\\/\\\/www.chronoflex.ch\\\/\\\/wp-content\\\/uploads\\\/2022\\\/07\\\/attention.svg\",\"datePublished\":\"2022-03-07T15:39:00+00:00\",\"dateModified\":\"2022-07-22T14:50:50+00:00\",\"breadcrumb\":{\"@id\":\"https:\\\/\\\/www.chronoflex.ch\\\/fr\\\/nos-prestations\\\/maintenance-preventive\\\/#breadcrumb\"},\"inLanguage\":\"fr-FR\",\"potentialAction\":[{\"@type\":\"ReadAction\",\"target\":[\"https:\\\/\\\/www.chronoflex.ch\\\/fr\\\/nos-prestations\\\/maintenance-preventive\\\/\"]}]},{\"@type\":\"ImageObject\",\"inLanguage\":\"fr-FR\",\"@id\":\"https:\\\/\\\/www.chronoflex.ch\\\/fr\\\/nos-prestations\\\/maintenance-preventive\\\/#primaryimage\",\"url\":\"https:\\\/\\\/www.chronoflex.ch\\\/\\\/wp-content\\\/uploads\\\/2022\\\/07\\\/attention.svg\",\"contentUrl\":\"https:\\\/\\\/www.chronoflex.ch\\\/\\\/wp-content\\\/uploads\\\/2022\\\/07\\\/attention.svg\"},{\"@type\":\"BreadcrumbList\",\"@id\":\"https:\\\/\\\/www.chronoflex.ch\\\/fr\\\/nos-prestations\\\/maintenance-preventive\\\/#breadcrumb\",\"itemListElement\":[{\"@type\":\"ListItem\",\"position\":1,\"name\":\"Home\",\"item\":\"https:\\\/\\\/www.chronoflex.ch\\\/fr\\\/\"},{\"@type\":\"ListItem\",\"position\":2,\"name\":\"Nos prestations\",\"item\":\"https:\\\/\\\/www.chronoflex.ch\\\/fr\\\/nos-prestations\\\/\"},{\"@type\":\"ListItem\",\"position\":3,\"name\":\"Maintenance pr\u00e9ventive\"}]},{\"@type\":\"WebSite\",\"@id\":\"https:\\\/\\\/www.chronoflex.ch\\\/#website\",\"url\":\"https:\\\/\\\/www.chronoflex.ch\\\/\",\"name\":\"CHRONO Flex Suisse\",\"description\":\"Flexibles hydrauliques sur site 24h\\\/7j\",\"potentialAction\":[{\"@type\":\"SearchAction\",\"target\":{\"@type\":\"EntryPoint\",\"urlTemplate\":\"https:\\\/\\\/www.chronoflex.ch\\\/?s={search_term_string}\"},\"query-input\":{\"@type\":\"PropertyValueSpecification\",\"valueRequired\":true,\"valueName\":\"search_term_string\"}}],\"inLanguage\":\"fr-FR\"}]}<\/script>\n<!-- \/ Yoast SEO plugin. -->","yoast_head_json":{"title":"Maintenance pr\u00e9ventive - CHRONO Flex Suisse","robots":{"index":"index","follow":"follow","max-snippet":"max-snippet:-1","max-image-preview":"max-image-preview:large","max-video-preview":"max-video-preview:-1"},"canonical":"https:\/\/www.chronoflex.ch\/fr\/nos-prestations\/maintenance-preventive\/","og_locale":"fr_FR","og_type":"article","og_title":"Maintenance pr\u00e9ventive - CHRONO Flex Suisse","og_url":"https:\/\/www.chronoflex.ch\/fr\/nos-prestations\/maintenance-preventive\/","og_site_name":"CHRONO Flex Suisse","article_modified_time":"2022-07-22T14:50:50+00:00","og_image":[{"url":"https:\/\/www.chronoflex.ch\/\/wp-content\/uploads\/2022\/07\/attention.svg","type":"","width":"","height":""}],"twitter_card":"summary_large_image","twitter_misc":{"Dur\u00e9e de lecture estim\u00e9e":"6 minutes"},"schema":{"@context":"https:\/\/schema.org","@graph":[{"@type":"WebPage","@id":"https:\/\/www.chronoflex.ch\/fr\/nos-prestations\/maintenance-preventive\/","url":"https:\/\/www.chronoflex.ch\/fr\/nos-prestations\/maintenance-preventive\/","name":"Maintenance pr\u00e9ventive - CHRONO Flex Suisse","isPartOf":{"@id":"https:\/\/www.chronoflex.ch\/#website"},"primaryImageOfPage":{"@id":"https:\/\/www.chronoflex.ch\/fr\/nos-prestations\/maintenance-preventive\/#primaryimage"},"image":{"@id":"https:\/\/www.chronoflex.ch\/fr\/nos-prestations\/maintenance-preventive\/#primaryimage"},"thumbnailUrl":"https:\/\/www.chronoflex.ch\/\/wp-content\/uploads\/2022\/07\/attention.svg","datePublished":"2022-03-07T15:39:00+00:00","dateModified":"2022-07-22T14:50:50+00:00","breadcrumb":{"@id":"https:\/\/www.chronoflex.ch\/fr\/nos-prestations\/maintenance-preventive\/#breadcrumb"},"inLanguage":"fr-FR","potentialAction":[{"@type":"ReadAction","target":["https:\/\/www.chronoflex.ch\/fr\/nos-prestations\/maintenance-preventive\/"]}]},{"@type":"ImageObject","inLanguage":"fr-FR","@id":"https:\/\/www.chronoflex.ch\/fr\/nos-prestations\/maintenance-preventive\/#primaryimage","url":"https:\/\/www.chronoflex.ch\/\/wp-content\/uploads\/2022\/07\/attention.svg","contentUrl":"https:\/\/www.chronoflex.ch\/\/wp-content\/uploads\/2022\/07\/attention.svg"},{"@type":"BreadcrumbList","@id":"https:\/\/www.chronoflex.ch\/fr\/nos-prestations\/maintenance-preventive\/#breadcrumb","itemListElement":[{"@type":"ListItem","position":1,"name":"Home","item":"https:\/\/www.chronoflex.ch\/fr\/"},{"@type":"ListItem","position":2,"name":"Nos prestations","item":"https:\/\/www.chronoflex.ch\/fr\/nos-prestations\/"},{"@type":"ListItem","position":3,"name":"Maintenance pr\u00e9ventive"}]},{"@type":"WebSite","@id":"https:\/\/www.chronoflex.ch\/#website","url":"https:\/\/www.chronoflex.ch\/","name":"CHRONO Flex Suisse","description":"Flexibles hydrauliques sur site 24h\/7j","potentialAction":[{"@type":"SearchAction","target":{"@type":"EntryPoint","urlTemplate":"https:\/\/www.chronoflex.ch\/?s={search_term_string}"},"query-input":{"@type":"PropertyValueSpecification","valueRequired":true,"valueName":"search_term_string"}}],"inLanguage":"fr-FR"}]}},"_links":{"self":[{"href":"https:\/\/www.chronoflex.ch\/fr\/wp-json\/wp\/v2\/pages\/3267","targetHints":{"allow":["GET"]}}],"collection":[{"href":"https:\/\/www.chronoflex.ch\/fr\/wp-json\/wp\/v2\/pages"}],"about":[{"href":"https:\/\/www.chronoflex.ch\/fr\/wp-json\/wp\/v2\/types\/page"}],"author":[{"embeddable":true,"href":"https:\/\/www.chronoflex.ch\/fr\/wp-json\/wp\/v2\/users\/1"}],"replies":[{"embeddable":true,"href":"https:\/\/www.chronoflex.ch\/fr\/wp-json\/wp\/v2\/comments?post=3267"}],"version-history":[{"count":19,"href":"https:\/\/www.chronoflex.ch\/fr\/wp-json\/wp\/v2\/pages\/3267\/revisions"}],"predecessor-version":[{"id":3982,"href":"https:\/\/www.chronoflex.ch\/fr\/wp-json\/wp\/v2\/pages\/3267\/revisions\/3982"}],"up":[{"embeddable":true,"href":"https:\/\/www.chronoflex.ch\/fr\/wp-json\/wp\/v2\/pages\/3255"}],"wp:attachment":[{"href":"https:\/\/www.chronoflex.ch\/fr\/wp-json\/wp\/v2\/media?parent=3267"}],"curies":[{"name":"wp","href":"https:\/\/api.w.org\/{rel}","templated":true}]}}