{"id":23,"date":"2017-03-14T12:00:59","date_gmt":"2017-03-14T11:00:59","guid":{"rendered":"http:\/\/www.chronoflex.ch\/?page_id=23"},"modified":"2017-04-28T09:58:25","modified_gmt":"2017-04-28T07:58:25","slug":"mentions-legales","status":"publish","type":"page","link":"https:\/\/www.chronoflex.ch\/fr\/mentions-legales\/","title":{"rendered":"Mentions l\u00e9gales"},"content":{"rendered":"<div id=\"ly1aWrap\">\n<div id=\"ly2mpWrap\">\n<div id=\"ly3cWrap\">\n<div id=\"ly4c\">\n<div id=\"c3999\" class=\"csc-default\">\n<div class=\"sub2colsWrap7030\">\n<div class=\"sub2cols7030Col1 sub2cols7030\">\n<div id=\"c4000\" class=\"csc-default\">\n<p><b>Cette page Web est exploit\u00e9e par<\/b><br \/>\nChronoflex Schweiz AG<br \/>\nHasenmattstrasse 2<br \/>\nCH-4900 Langenthal<\/p>\n<p>Chronoflex Schweiz AG est repr\u00e9sent\u00e9e l\u00e9galement selon<br \/>\nl&rsquo;inscription au registre du commerce.<br \/>\nRegistre du commerce: CH-053.3.017.165-1<br \/>\nN\u00b0 de TVA: CHE-112.185.013 MWST<\/p>\n<p><b>Contact<\/b><br \/>\nChronoflex Schweiz AG<br \/>\nRaoul Khalfallaoui<br \/>\nHasenmattstrasse 2<br \/>\nCH-4900 Langenthal<\/p>\n<p><b>Protection des donn\u00e9es<\/b><br \/>\nLors de l&rsquo;utilisation de nos pages Internet, il vous est \u00e9ventuellement demand\u00e9 d&rsquo;indiquer des informations personnelles. Les donn\u00e9es seront trait\u00e9es selon les dispositions relatives \u00e0 la protection des donn\u00e9es et ne seront pas transmises \u00e0 des tiers. La r\u00e9ponse \u00e0 toutes les questions n\u2019est pas obligatoire.<\/p>\n<p><b>Droits d&rsquo;auteur et droits de propri\u00e9t\u00e9 de marques<\/b><br \/>\nTous les droits du contenu complet des pages Web du Chronoflex \u00a0sont la propri\u00e9t\u00e9 du Chronoflex ou de tiers. Les noms et les logos sur les pages Web du Chronoflex qui repr\u00e9sentent des marques, b\u00e9n\u00e9ficient de la protection correspondante.<\/p>\n<p><b>Responsabilit\u00e9<\/b><br \/>\nLe Chronoflex d\u00e9cline toute responsabilit\u00e9 des dommages directs, indirects ou cons\u00e9cutifs r\u00e9sultant de l&rsquo;acc\u00e8s aux \u00e9l\u00e9ments et contenus de la page Web du Chronoflex et de son utilisation ainsi que de l&rsquo;impossibilit\u00e9 de l&rsquo;acc\u00e8s \u00e0 celle-ci.<\/p>\n<p>Nous nous r\u00e9servons le droit de modifications techniques de produits repr\u00e9sent\u00e9s sur les illustrations. Les produits repr\u00e9sent\u00e9s ne doivent pas \u00eatre obligatoirement \u00e9quip\u00e9s comme illustr\u00e9s. Bien que le Chronoflex apporte tout son soin \u00e0 garantir l&rsquo;exactitude des contenus au moment de la publication, nous d\u00e9clinons toute responsabilit\u00e9 en ce qui concerne l&rsquo;exactitude et\/ou l&rsquo;int\u00e9gralit\u00e9 de l&rsquo;information. Les contenus et informations peuvent \u00eatre modifi\u00e9s \u00e0 tout moment et sans notification pr\u00e9alable.<\/p>\n<p>Dans la mesure o\u00f9 cette page Web renvoie \u00e0 d&rsquo;autres pages Internet exploit\u00e9es par des tiers, la soci\u00e9t\u00e9 Chronoflex Schweiz AG d\u00e9cline toute responsabilit\u00e9 quant \u00e0 leurs contenus.<\/p>\n<\/div>\n<\/div>\n<div class=\"sub2cols7030Col2 sub2cols7030\"><\/div>\n<div class=\"clearer\"><\/div>\n<\/div>\n<\/div>\n<\/div>\n<\/div>\n<div class=\"clearer\"><\/div>\n<\/div>\n<\/div>\n<div id=\"ly1f\"><\/div>\n","protected":false},"excerpt":{"rendered":"<p>Cette page Web est exploit\u00e9e par Chronoflex Schweiz AG Hasenmattstrasse 2 CH-4900 Langenthal Chronoflex Schweiz AG est repr\u00e9sent\u00e9e l\u00e9galement selon l&rsquo;inscription au registre du commerce. Registre du commerce: CH-053.3.017.165-1 N\u00b0 de TVA: CHE-112.185.013 MWST Contact Chronoflex Schweiz AG Raoul Khalfallaoui Hasenmattstrasse 2 CH-4900 Langenthal Protection des donn\u00e9es Lors de l&rsquo;utilisation de nos pages Internet, il [&hellip;]<\/p>\n","protected":false},"author":1,"featured_media":0,"parent":0,"menu_order":0,"comment_status":"closed","ping_status":"closed","template":"","meta":{"_et_pb_use_builder":"","_et_pb_old_content":"","_et_gb_content_width":"","footnotes":""},"class_list":["post-23","page","type-page","status-publish","hentry"],"yoast_head":"<!-- This site is optimized with the Yoast SEO plugin v27.4 - https:\/\/yoast.com\/product\/yoast-seo-wordpress\/ -->\n<title>Mentions l\u00e9gales - CHRONO Flex Suisse<\/title>\n<meta name=\"robots\" content=\"index, follow, max-snippet:-1, max-image-preview:large, max-video-preview:-1\" \/>\n<link rel=\"canonical\" href=\"https:\/\/www.chronoflex.ch\/fr\/mentions-legales\/\" \/>\n<meta property=\"og:locale\" content=\"fr_FR\" \/>\n<meta property=\"og:type\" content=\"article\" \/>\n<meta property=\"og:title\" content=\"Mentions l\u00e9gales - CHRONO Flex Suisse\" \/>\n<meta property=\"og:description\" content=\"Cette page Web est exploit\u00e9e par Chronoflex Schweiz AG Hasenmattstrasse 2 CH-4900 Langenthal Chronoflex Schweiz AG est repr\u00e9sent\u00e9e l\u00e9galement selon l&rsquo;inscription au registre du commerce. Registre du commerce: CH-053.3.017.165-1 N\u00b0 de TVA: CHE-112.185.013 MWST Contact Chronoflex Schweiz AG Raoul Khalfallaoui Hasenmattstrasse 2 CH-4900 Langenthal Protection des donn\u00e9es Lors de l&rsquo;utilisation de nos pages Internet, il [&hellip;]\" \/>\n<meta property=\"og:url\" content=\"https:\/\/www.chronoflex.ch\/fr\/mentions-legales\/\" \/>\n<meta property=\"og:site_name\" content=\"CHRONO Flex Suisse\" \/>\n<meta property=\"article:modified_time\" content=\"2017-04-28T07:58:25+00:00\" \/>\n<meta name=\"twitter:card\" content=\"summary_large_image\" \/>\n<meta name=\"twitter:label1\" content=\"Dur\u00e9e de lecture estim\u00e9e\" \/>\n\t<meta name=\"twitter:data1\" content=\"2 minutes\" \/>\n<script type=\"application\/ld+json\" class=\"yoast-schema-graph\">{\"@context\":\"https:\\\/\\\/schema.org\",\"@graph\":[{\"@type\":\"WebPage\",\"@id\":\"https:\\\/\\\/www.chronoflex.ch\\\/fr\\\/mentions-legales\\\/\",\"url\":\"https:\\\/\\\/www.chronoflex.ch\\\/fr\\\/mentions-legales\\\/\",\"name\":\"Mentions l\u00e9gales - CHRONO Flex Suisse\",\"isPartOf\":{\"@id\":\"https:\\\/\\\/www.chronoflex.ch\\\/#website\"},\"datePublished\":\"2017-03-14T11:00:59+00:00\",\"dateModified\":\"2017-04-28T07:58:25+00:00\",\"breadcrumb\":{\"@id\":\"https:\\\/\\\/www.chronoflex.ch\\\/fr\\\/mentions-legales\\\/#breadcrumb\"},\"inLanguage\":\"fr-FR\",\"potentialAction\":[{\"@type\":\"ReadAction\",\"target\":[\"https:\\\/\\\/www.chronoflex.ch\\\/fr\\\/mentions-legales\\\/\"]}]},{\"@type\":\"BreadcrumbList\",\"@id\":\"https:\\\/\\\/www.chronoflex.ch\\\/fr\\\/mentions-legales\\\/#breadcrumb\",\"itemListElement\":[{\"@type\":\"ListItem\",\"position\":1,\"name\":\"Home\",\"item\":\"https:\\\/\\\/www.chronoflex.ch\\\/fr\\\/\"},{\"@type\":\"ListItem\",\"position\":2,\"name\":\"Mentions l\u00e9gales\"}]},{\"@type\":\"WebSite\",\"@id\":\"https:\\\/\\\/www.chronoflex.ch\\\/#website\",\"url\":\"https:\\\/\\\/www.chronoflex.ch\\\/\",\"name\":\"CHRONO Flex Suisse\",\"description\":\"Flexibles hydrauliques sur site 24h\\\/7j\",\"potentialAction\":[{\"@type\":\"SearchAction\",\"target\":{\"@type\":\"EntryPoint\",\"urlTemplate\":\"https:\\\/\\\/www.chronoflex.ch\\\/?s={search_term_string}\"},\"query-input\":{\"@type\":\"PropertyValueSpecification\",\"valueRequired\":true,\"valueName\":\"search_term_string\"}}],\"inLanguage\":\"fr-FR\"}]}<\/script>\n<!-- \/ Yoast SEO plugin. -->","yoast_head_json":{"title":"Mentions l\u00e9gales - CHRONO Flex Suisse","robots":{"index":"index","follow":"follow","max-snippet":"max-snippet:-1","max-image-preview":"max-image-preview:large","max-video-preview":"max-video-preview:-1"},"canonical":"https:\/\/www.chronoflex.ch\/fr\/mentions-legales\/","og_locale":"fr_FR","og_type":"article","og_title":"Mentions l\u00e9gales - CHRONO Flex Suisse","og_description":"Cette page Web est exploit\u00e9e par Chronoflex Schweiz AG Hasenmattstrasse 2 CH-4900 Langenthal Chronoflex Schweiz AG est repr\u00e9sent\u00e9e l\u00e9galement selon l&rsquo;inscription au registre du commerce. Registre du commerce: CH-053.3.017.165-1 N\u00b0 de TVA: CHE-112.185.013 MWST Contact Chronoflex Schweiz AG Raoul Khalfallaoui Hasenmattstrasse 2 CH-4900 Langenthal Protection des donn\u00e9es Lors de l&rsquo;utilisation de nos pages Internet, il [&hellip;]","og_url":"https:\/\/www.chronoflex.ch\/fr\/mentions-legales\/","og_site_name":"CHRONO Flex Suisse","article_modified_time":"2017-04-28T07:58:25+00:00","twitter_card":"summary_large_image","twitter_misc":{"Dur\u00e9e de lecture estim\u00e9e":"2 minutes"},"schema":{"@context":"https:\/\/schema.org","@graph":[{"@type":"WebPage","@id":"https:\/\/www.chronoflex.ch\/fr\/mentions-legales\/","url":"https:\/\/www.chronoflex.ch\/fr\/mentions-legales\/","name":"Mentions l\u00e9gales - CHRONO Flex Suisse","isPartOf":{"@id":"https:\/\/www.chronoflex.ch\/#website"},"datePublished":"2017-03-14T11:00:59+00:00","dateModified":"2017-04-28T07:58:25+00:00","breadcrumb":{"@id":"https:\/\/www.chronoflex.ch\/fr\/mentions-legales\/#breadcrumb"},"inLanguage":"fr-FR","potentialAction":[{"@type":"ReadAction","target":["https:\/\/www.chronoflex.ch\/fr\/mentions-legales\/"]}]},{"@type":"BreadcrumbList","@id":"https:\/\/www.chronoflex.ch\/fr\/mentions-legales\/#breadcrumb","itemListElement":[{"@type":"ListItem","position":1,"name":"Home","item":"https:\/\/www.chronoflex.ch\/fr\/"},{"@type":"ListItem","position":2,"name":"Mentions l\u00e9gales"}]},{"@type":"WebSite","@id":"https:\/\/www.chronoflex.ch\/#website","url":"https:\/\/www.chronoflex.ch\/","name":"CHRONO Flex Suisse","description":"Flexibles hydrauliques sur site 24h\/7j","potentialAction":[{"@type":"SearchAction","target":{"@type":"EntryPoint","urlTemplate":"https:\/\/www.chronoflex.ch\/?s={search_term_string}"},"query-input":{"@type":"PropertyValueSpecification","valueRequired":true,"valueName":"search_term_string"}}],"inLanguage":"fr-FR"}]}},"_links":{"self":[{"href":"https:\/\/www.chronoflex.ch\/fr\/wp-json\/wp\/v2\/pages\/23","targetHints":{"allow":["GET"]}}],"collection":[{"href":"https:\/\/www.chronoflex.ch\/fr\/wp-json\/wp\/v2\/pages"}],"about":[{"href":"https:\/\/www.chronoflex.ch\/fr\/wp-json\/wp\/v2\/types\/page"}],"author":[{"embeddable":true,"href":"https:\/\/www.chronoflex.ch\/fr\/wp-json\/wp\/v2\/users\/1"}],"replies":[{"embeddable":true,"href":"https:\/\/www.chronoflex.ch\/fr\/wp-json\/wp\/v2\/comments?post=23"}],"version-history":[{"count":5,"href":"https:\/\/www.chronoflex.ch\/fr\/wp-json\/wp\/v2\/pages\/23\/revisions"}],"predecessor-version":[{"id":695,"href":"https:\/\/www.chronoflex.ch\/fr\/wp-json\/wp\/v2\/pages\/23\/revisions\/695"}],"wp:attachment":[{"href":"https:\/\/www.chronoflex.ch\/fr\/wp-json\/wp\/v2\/media?parent=23"}],"curies":[{"name":"wp","href":"https:\/\/api.w.org\/{rel}","templated":true}]}}