{"id":129,"date":"2017-03-30T09:47:00","date_gmt":"2017-03-30T07:47:00","guid":{"rendered":"http:\/\/www.chronoflex.ch\/?page_id=129"},"modified":"2021-12-14T16:40:45","modified_gmt":"2021-12-14T15:40:45","slug":"reparation-de-flexibles-hydrauliques-sur-site","status":"publish","type":"page","link":"https:\/\/www.chronoflex.ch\/fr\/prestations\/reparation-de-flexibles-hydrauliques-sur-site\/","title":{"rendered":"R\u00e9paration de flexibles hydrauliques sur site"},"content":{"rendered":"<p style=\"text-align: left;\"><b>24 heures sur 365 jours par an<\/b><\/p>\n<p>Nous vous proposons une solution globale avec des camions tout \u00e9quip\u00e9s dont un syst\u00e8me de navigation pour arriver plus rapidement sur le lieu de l&rsquo;intervention:<\/p>\n<ul>\n<li>D\u00e9montage<\/li>\n<li>Confection du flexible<\/li>\n<li>Montage<\/li>\n<\/ul>\n<p class=\"bodytext\">Avec notre savoir-faire nous vous proposons :<\/p>\n<ul>\n<li class=\"bodytext\">R\u00e9duction du temps d&rsquo;immobilisation<\/li>\n<li class=\"bodytext\">R\u00e9duction du temps de red\u00e9marrage machine<\/li>\n<li class=\"bodytext\">Meilleur disponibilit\u00e9 de la machine<\/li>\n<li class=\"bodytext\">Rapport d&rsquo;intervention disponible imm\u00e9diatement<\/li>\n<li class=\"bodytext\">Meilleure gestion du personnel<\/li>\n<\/ul>\n","protected":false},"excerpt":{"rendered":"<p>Nous vous proposons une solution globale avec des camions tout \u00e9quip\u00e9s dont un syst\u00e8me de navigation pour arriver plus rapidement sur le lieu de l&rsquo;intervention: D\u00e9montage, confection du flexible, montage.<\/p>\n","protected":false},"author":1,"featured_media":551,"parent":131,"menu_order":1,"comment_status":"closed","ping_status":"closed","template":"","meta":{"_et_pb_use_builder":"","_et_pb_old_content":"","_et_gb_content_width":"","footnotes":""},"class_list":["post-129","page","type-page","status-publish","has-post-thumbnail","hentry"],"yoast_head":"<!-- This site is optimized with the Yoast SEO plugin v27.5 - https:\/\/yoast.com\/product\/yoast-seo-wordpress\/ -->\n<title>R\u00e9paration de flexibles hydrauliques sur site - CHRONO Flex Suisse<\/title>\n<meta name=\"robots\" content=\"index, follow, max-snippet:-1, max-image-preview:large, max-video-preview:-1\" \/>\n<link rel=\"canonical\" href=\"https:\/\/www.chronoflex.ch\/fr\/prestations\/reparation-de-flexibles-hydrauliques-sur-site\/\" \/>\n<meta property=\"og:locale\" content=\"fr_FR\" \/>\n<meta property=\"og:type\" content=\"article\" \/>\n<meta property=\"og:title\" content=\"R\u00e9paration de flexibles hydrauliques sur site - CHRONO Flex Suisse\" \/>\n<meta property=\"og:description\" content=\"Nous vous proposons une solution globale avec des camions tout \u00e9quip\u00e9s dont un syst\u00e8me de navigation pour arriver plus rapidement sur le lieu de l&#039;intervention: D\u00e9montage, confection du flexible, montage.\" \/>\n<meta property=\"og:url\" content=\"https:\/\/www.chronoflex.ch\/fr\/prestations\/reparation-de-flexibles-hydrauliques-sur-site\/\" \/>\n<meta property=\"og:site_name\" content=\"CHRONO Flex Suisse\" \/>\n<meta property=\"article:modified_time\" content=\"2021-12-14T15:40:45+00:00\" \/>\n<meta property=\"og:image\" content=\"https:\/\/www.chronoflex.ch\/wp-content\/uploads\/2017\/04\/S69A0195.jpg\" \/>\n\t<meta property=\"og:image:width\" content=\"2500\" \/>\n\t<meta property=\"og:image:height\" content=\"1667\" \/>\n\t<meta property=\"og:image:type\" content=\"image\/jpeg\" \/>\n<meta name=\"twitter:card\" content=\"summary_large_image\" \/>\n<script type=\"application\/ld+json\" class=\"yoast-schema-graph\">{\"@context\":\"https:\\\/\\\/schema.org\",\"@graph\":[{\"@type\":\"WebPage\",\"@id\":\"https:\\\/\\\/www.chronoflex.ch\\\/fr\\\/prestations\\\/reparation-de-flexibles-hydrauliques-sur-site\\\/\",\"url\":\"https:\\\/\\\/www.chronoflex.ch\\\/fr\\\/prestations\\\/reparation-de-flexibles-hydrauliques-sur-site\\\/\",\"name\":\"R\u00e9paration de flexibles hydrauliques sur site - CHRONO Flex Suisse\",\"isPartOf\":{\"@id\":\"https:\\\/\\\/www.chronoflex.ch\\\/#website\"},\"primaryImageOfPage\":{\"@id\":\"https:\\\/\\\/www.chronoflex.ch\\\/fr\\\/prestations\\\/reparation-de-flexibles-hydrauliques-sur-site\\\/#primaryimage\"},\"image\":{\"@id\":\"https:\\\/\\\/www.chronoflex.ch\\\/fr\\\/prestations\\\/reparation-de-flexibles-hydrauliques-sur-site\\\/#primaryimage\"},\"thumbnailUrl\":\"https:\\\/\\\/www.chronoflex.ch\\\/wp-content\\\/uploads\\\/2017\\\/04\\\/S69A0195.jpg\",\"datePublished\":\"2017-03-30T07:47:00+00:00\",\"dateModified\":\"2021-12-14T15:40:45+00:00\",\"breadcrumb\":{\"@id\":\"https:\\\/\\\/www.chronoflex.ch\\\/fr\\\/prestations\\\/reparation-de-flexibles-hydrauliques-sur-site\\\/#breadcrumb\"},\"inLanguage\":\"fr-FR\",\"potentialAction\":[{\"@type\":\"ReadAction\",\"target\":[\"https:\\\/\\\/www.chronoflex.ch\\\/fr\\\/prestations\\\/reparation-de-flexibles-hydrauliques-sur-site\\\/\"]}]},{\"@type\":\"ImageObject\",\"inLanguage\":\"fr-FR\",\"@id\":\"https:\\\/\\\/www.chronoflex.ch\\\/fr\\\/prestations\\\/reparation-de-flexibles-hydrauliques-sur-site\\\/#primaryimage\",\"url\":\"https:\\\/\\\/www.chronoflex.ch\\\/wp-content\\\/uploads\\\/2017\\\/04\\\/S69A0195.jpg\",\"contentUrl\":\"https:\\\/\\\/www.chronoflex.ch\\\/wp-content\\\/uploads\\\/2017\\\/04\\\/S69A0195.jpg\",\"width\":2500,\"height\":1667},{\"@type\":\"BreadcrumbList\",\"@id\":\"https:\\\/\\\/www.chronoflex.ch\\\/fr\\\/prestations\\\/reparation-de-flexibles-hydrauliques-sur-site\\\/#breadcrumb\",\"itemListElement\":[{\"@type\":\"ListItem\",\"position\":1,\"name\":\"Home\",\"item\":\"https:\\\/\\\/www.chronoflex.ch\\\/fr\\\/\"},{\"@type\":\"ListItem\",\"position\":2,\"name\":\"Prestations\",\"item\":\"https:\\\/\\\/www.chronoflex.ch\\\/fr\\\/prestations\\\/\"},{\"@type\":\"ListItem\",\"position\":3,\"name\":\"R\u00e9paration de flexibles hydrauliques sur site\"}]},{\"@type\":\"WebSite\",\"@id\":\"https:\\\/\\\/www.chronoflex.ch\\\/#website\",\"url\":\"https:\\\/\\\/www.chronoflex.ch\\\/\",\"name\":\"CHRONO Flex Suisse\",\"description\":\"Flexibles hydrauliques sur site 24h\\\/7j\",\"potentialAction\":[{\"@type\":\"SearchAction\",\"target\":{\"@type\":\"EntryPoint\",\"urlTemplate\":\"https:\\\/\\\/www.chronoflex.ch\\\/?s={search_term_string}\"},\"query-input\":{\"@type\":\"PropertyValueSpecification\",\"valueRequired\":true,\"valueName\":\"search_term_string\"}}],\"inLanguage\":\"fr-FR\"}]}<\/script>\n<!-- \/ Yoast SEO plugin. -->","yoast_head_json":{"title":"R\u00e9paration de flexibles hydrauliques sur site - CHRONO Flex Suisse","robots":{"index":"index","follow":"follow","max-snippet":"max-snippet:-1","max-image-preview":"max-image-preview:large","max-video-preview":"max-video-preview:-1"},"canonical":"https:\/\/www.chronoflex.ch\/fr\/prestations\/reparation-de-flexibles-hydrauliques-sur-site\/","og_locale":"fr_FR","og_type":"article","og_title":"R\u00e9paration de flexibles hydrauliques sur site - CHRONO Flex Suisse","og_description":"Nous vous proposons une solution globale avec des camions tout \u00e9quip\u00e9s dont un syst\u00e8me de navigation pour arriver plus rapidement sur le lieu de l'intervention: D\u00e9montage, confection du flexible, montage.","og_url":"https:\/\/www.chronoflex.ch\/fr\/prestations\/reparation-de-flexibles-hydrauliques-sur-site\/","og_site_name":"CHRONO Flex Suisse","article_modified_time":"2021-12-14T15:40:45+00:00","og_image":[{"width":2500,"height":1667,"url":"https:\/\/www.chronoflex.ch\/wp-content\/uploads\/2017\/04\/S69A0195.jpg","type":"image\/jpeg"}],"twitter_card":"summary_large_image","schema":{"@context":"https:\/\/schema.org","@graph":[{"@type":"WebPage","@id":"https:\/\/www.chronoflex.ch\/fr\/prestations\/reparation-de-flexibles-hydrauliques-sur-site\/","url":"https:\/\/www.chronoflex.ch\/fr\/prestations\/reparation-de-flexibles-hydrauliques-sur-site\/","name":"R\u00e9paration de flexibles hydrauliques sur site - CHRONO Flex Suisse","isPartOf":{"@id":"https:\/\/www.chronoflex.ch\/#website"},"primaryImageOfPage":{"@id":"https:\/\/www.chronoflex.ch\/fr\/prestations\/reparation-de-flexibles-hydrauliques-sur-site\/#primaryimage"},"image":{"@id":"https:\/\/www.chronoflex.ch\/fr\/prestations\/reparation-de-flexibles-hydrauliques-sur-site\/#primaryimage"},"thumbnailUrl":"https:\/\/www.chronoflex.ch\/wp-content\/uploads\/2017\/04\/S69A0195.jpg","datePublished":"2017-03-30T07:47:00+00:00","dateModified":"2021-12-14T15:40:45+00:00","breadcrumb":{"@id":"https:\/\/www.chronoflex.ch\/fr\/prestations\/reparation-de-flexibles-hydrauliques-sur-site\/#breadcrumb"},"inLanguage":"fr-FR","potentialAction":[{"@type":"ReadAction","target":["https:\/\/www.chronoflex.ch\/fr\/prestations\/reparation-de-flexibles-hydrauliques-sur-site\/"]}]},{"@type":"ImageObject","inLanguage":"fr-FR","@id":"https:\/\/www.chronoflex.ch\/fr\/prestations\/reparation-de-flexibles-hydrauliques-sur-site\/#primaryimage","url":"https:\/\/www.chronoflex.ch\/wp-content\/uploads\/2017\/04\/S69A0195.jpg","contentUrl":"https:\/\/www.chronoflex.ch\/wp-content\/uploads\/2017\/04\/S69A0195.jpg","width":2500,"height":1667},{"@type":"BreadcrumbList","@id":"https:\/\/www.chronoflex.ch\/fr\/prestations\/reparation-de-flexibles-hydrauliques-sur-site\/#breadcrumb","itemListElement":[{"@type":"ListItem","position":1,"name":"Home","item":"https:\/\/www.chronoflex.ch\/fr\/"},{"@type":"ListItem","position":2,"name":"Prestations","item":"https:\/\/www.chronoflex.ch\/fr\/prestations\/"},{"@type":"ListItem","position":3,"name":"R\u00e9paration de flexibles hydrauliques sur site"}]},{"@type":"WebSite","@id":"https:\/\/www.chronoflex.ch\/#website","url":"https:\/\/www.chronoflex.ch\/","name":"CHRONO Flex Suisse","description":"Flexibles hydrauliques sur site 24h\/7j","potentialAction":[{"@type":"SearchAction","target":{"@type":"EntryPoint","urlTemplate":"https:\/\/www.chronoflex.ch\/?s={search_term_string}"},"query-input":{"@type":"PropertyValueSpecification","valueRequired":true,"valueName":"search_term_string"}}],"inLanguage":"fr-FR"}]}},"_links":{"self":[{"href":"https:\/\/www.chronoflex.ch\/fr\/wp-json\/wp\/v2\/pages\/129","targetHints":{"allow":["GET"]}}],"collection":[{"href":"https:\/\/www.chronoflex.ch\/fr\/wp-json\/wp\/v2\/pages"}],"about":[{"href":"https:\/\/www.chronoflex.ch\/fr\/wp-json\/wp\/v2\/types\/page"}],"author":[{"embeddable":true,"href":"https:\/\/www.chronoflex.ch\/fr\/wp-json\/wp\/v2\/users\/1"}],"replies":[{"embeddable":true,"href":"https:\/\/www.chronoflex.ch\/fr\/wp-json\/wp\/v2\/comments?post=129"}],"version-history":[{"count":13,"href":"https:\/\/www.chronoflex.ch\/fr\/wp-json\/wp\/v2\/pages\/129\/revisions"}],"predecessor-version":[{"id":781,"href":"https:\/\/www.chronoflex.ch\/fr\/wp-json\/wp\/v2\/pages\/129\/revisions\/781"}],"up":[{"embeddable":true,"href":"https:\/\/www.chronoflex.ch\/fr\/wp-json\/wp\/v2\/pages\/131"}],"wp:featuredmedia":[{"embeddable":true,"href":"https:\/\/www.chronoflex.ch\/fr\/wp-json\/wp\/v2\/media\/551"}],"wp:attachment":[{"href":"https:\/\/www.chronoflex.ch\/fr\/wp-json\/wp\/v2\/media?parent=129"}],"curies":[{"name":"wp","href":"https:\/\/api.w.org\/{rel}","templated":true}]}}