{"id":4182,"date":"2024-07-15T10:51:39","date_gmt":"2024-07-15T08:51:39","guid":{"rendered":"https:\/\/www.chronoflex.ch\/sorgfaltspflichten\/"},"modified":"2024-07-15T11:12:04","modified_gmt":"2024-07-15T09:12:04","slug":"sorgfaltspflichten","status":"publish","type":"page","link":"https:\/\/www.chronoflex.ch\/en\/sorgfaltspflichten\/","title":{"rendered":"Sorgfaltspflichten"},"content":{"rendered":"<p>[et_pb_section fb_built=&#8221;1&#8243; _builder_version=&#8221;4.14.7&#8243; _module_preset=&#8221;default&#8221; da_disable_devices=&#8221;off|off|off&#8221; global_colors_info=&#8221;{}&#8221; da_is_popup=&#8221;off&#8221; da_exit_intent=&#8221;off&#8221; da_has_close=&#8221;on&#8221; da_alt_close=&#8221;off&#8221; da_dark_close=&#8221;off&#8221; da_not_modal=&#8221;on&#8221; da_is_singular=&#8221;off&#8221; da_with_loader=&#8221;off&#8221; da_has_shadow=&#8221;on&#8221;][et_pb_row _builder_version=&#8221;4.14.7&#8243; _module_preset=&#8221;default&#8221; global_colors_info=&#8221;{}&#8221;][et_pb_column type=&#8221;4_4&#8243; _builder_version=&#8221;4.14.7&#8243; _module_preset=&#8221;default&#8221; global_colors_info=&#8221;{}&#8221;][et_pb_text _builder_version=&#8221;4.14.7&#8243; _module_preset=&#8221;default&#8221; global_colors_info=&#8221;{}&#8221;]<\/p>\n<h1><strong>Sorgfaltspflichten <\/strong><strong>in der Lieferkette (VSoTr)<\/strong><\/h1>\n<p>[\/et_pb_text][et_pb_text _builder_version=&#8221;4.14.7&#8243; _module_preset=&#8221;default&#8221; global_colors_info=&#8221;{}&#8221;]<\/p>\n<p>In Bezug auf die VSoTR stellen wir folgende erweiterte Informationen zur Verf\u00fcgung:<\/p>\n<p><strong>Betreffend Mineralien und Metallen aus Konfliktgebieten<\/strong><br \/>Die Chronoflex Schweiz AG bezieht keine Mineralien und Metalle in der vorgegebenen Charakteristik,<br \/>welche gem\u00e4ss VSoTr berichterstattungspflichtig w\u00e4ren. Dies wird durch die Einkaufsabteilung j\u00e4hrlich<br \/>anhand der im Anhang zur VSoTR ausgewiesenen Zolltarifnummern der spezifischen Materialien<br \/>kontrolliert.<\/p>\n<p>Somit unterliegen wir gem\u00e4ss dem Schweizer Obligationenrecht (OR) diesbez\u00fcglich keiner Sorgfalts-<br \/>und Berichterstattungspflicht.<\/p>\n<p><strong>Betreffend Kinderarbeit<\/strong><br \/>Sorgfaltspflichten betreffend Menschenrechte und insbesondere Kinderarbeit sind bei Chronoflex seit<br \/>jeher ein Teil des Lieferantenmanagements. Der Managementansatz umfasst einen Verhaltenskodex<br \/>als Bestandteil der Allgemeinen Einkaufsbedingungen f\u00fcr Lieferanten, welche einen integralen<br \/>Bestandteil der Lieferantenvertr\u00e4ge bilden.<\/p>\n<p>Die Risikopr\u00fcfung anhand des \u00abUNICEF children\u2019s right in the workplace index\u201d haben wir vollzogen,<br \/>mit folgenden Resultaten:<\/p>\n<p>Wir haben keine Lieferanten bzw. beziehen keine Materialien aus kritischen L\u00e4ndern (Klassifizierung:<br \/>\u00abHeightened\u00bb). Einen Grossteil unserer Lieferanten oder bezogenen Materialien stammt aus L\u00e4ndern,<br \/>die eine geringe Risikoexponierung f\u00fcr Kinderarbeit haben (Klassifizierung: \u00abBasic\u00bb). Die bezogenen<br \/>Materialien einzelner Lieferanten stammen aus L\u00e4ndern mit erh\u00f6htem Risiko f\u00fcr Kinderarbeit<br \/>(Klassifizierung. \u00abEnhanced\u00bb).<\/p>\n<p>Bei diesen Lieferanten und bezogenen Materialien haben wir keine Verdachtsmomente oder Hinweise<br \/>auf Kinderarbeit festgestellt. Die \u00dcberpr\u00fcfung aktualisieren wir j\u00e4hrlich.<\/p>\n<p>[\/et_pb_text][\/et_pb_column][\/et_pb_row][\/et_pb_section]<\/p>\n","protected":false},"excerpt":{"rendered":"<p>Sorgfaltspflichten in der Lieferkette (VSoTr)In Bezug auf die VSoTR stellen wir folgende erweiterte Informationen zur Verf\u00fcgung: Betreffend Mineralien und Metallen aus KonfliktgebietenDie Chronoflex Schweiz AG bezieht keine Mineralien und Metalle in der vorgegebenen Charakteristik,welche gem\u00e4ss VSoTr berichterstattungspflichtig w\u00e4ren. Dies wird durch die Einkaufsabteilung j\u00e4hrlichanhand der im Anhang zur VSoTR ausgewiesenen Zolltarifnummern der spezifischen Materialienkontrolliert. Somit [&hellip;]<\/p>\n","protected":false},"author":1,"featured_media":0,"parent":0,"menu_order":0,"comment_status":"closed","ping_status":"closed","template":"","meta":{"_et_pb_use_builder":"on","_et_pb_old_content":"","_et_gb_content_width":"","footnotes":""},"class_list":["post-4182","page","type-page","status-publish","hentry"],"yoast_head":"<!-- This site is optimized with the Yoast SEO plugin v27.3 - https:\/\/yoast.com\/product\/yoast-seo-wordpress\/ -->\n<title>Sorgfaltspflichten - CHRONO Flex Suisse<\/title>\n<meta name=\"robots\" content=\"index, follow, max-snippet:-1, max-image-preview:large, max-video-preview:-1\" \/>\n<link rel=\"canonical\" href=\"https:\/\/www.chronoflex.ch\/en\/sorgfaltspflichten\/\" \/>\n<meta property=\"og:locale\" content=\"en_US\" \/>\n<meta property=\"og:type\" content=\"article\" \/>\n<meta property=\"og:title\" content=\"Sorgfaltspflichten - CHRONO Flex Suisse\" \/>\n<meta property=\"og:description\" content=\"Sorgfaltspflichten in der Lieferkette (VSoTr)In Bezug auf die VSoTR stellen wir folgende erweiterte Informationen zur Verf\u00fcgung: Betreffend Mineralien und Metallen aus KonfliktgebietenDie Chronoflex Schweiz AG bezieht keine Mineralien und Metalle in der vorgegebenen Charakteristik,welche gem\u00e4ss VSoTr berichterstattungspflichtig w\u00e4ren. Dies wird durch die Einkaufsabteilung j\u00e4hrlichanhand der im Anhang zur VSoTR ausgewiesenen Zolltarifnummern der spezifischen Materialienkontrolliert. Somit [&hellip;]\" \/>\n<meta property=\"og:url\" content=\"https:\/\/www.chronoflex.ch\/en\/sorgfaltspflichten\/\" \/>\n<meta property=\"og:site_name\" content=\"CHRONO Flex Suisse\" \/>\n<meta property=\"article:modified_time\" content=\"2024-07-15T09:12:04+00:00\" \/>\n<meta name=\"twitter:card\" content=\"summary_large_image\" \/>\n<meta name=\"twitter:label1\" content=\"Est. reading time\" \/>\n\t<meta name=\"twitter:data1\" content=\"2 minutes\" \/>\n<script type=\"application\/ld+json\" class=\"yoast-schema-graph\">{\"@context\":\"https:\\\/\\\/schema.org\",\"@graph\":[{\"@type\":\"WebPage\",\"@id\":\"https:\\\/\\\/www.chronoflex.ch\\\/en\\\/sorgfaltspflichten\\\/\",\"url\":\"https:\\\/\\\/www.chronoflex.ch\\\/en\\\/sorgfaltspflichten\\\/\",\"name\":\"Sorgfaltspflichten - CHRONO Flex Suisse\",\"isPartOf\":{\"@id\":\"https:\\\/\\\/www.chronoflex.ch\\\/#website\"},\"datePublished\":\"2024-07-15T08:51:39+00:00\",\"dateModified\":\"2024-07-15T09:12:04+00:00\",\"breadcrumb\":{\"@id\":\"https:\\\/\\\/www.chronoflex.ch\\\/en\\\/sorgfaltspflichten\\\/#breadcrumb\"},\"inLanguage\":\"en-US\",\"potentialAction\":[{\"@type\":\"ReadAction\",\"target\":[\"https:\\\/\\\/www.chronoflex.ch\\\/en\\\/sorgfaltspflichten\\\/\"]}]},{\"@type\":\"BreadcrumbList\",\"@id\":\"https:\\\/\\\/www.chronoflex.ch\\\/en\\\/sorgfaltspflichten\\\/#breadcrumb\",\"itemListElement\":[{\"@type\":\"ListItem\",\"position\":1,\"name\":\"Home\",\"item\":\"https:\\\/\\\/www.chronoflex.ch\\\/en\\\/\"},{\"@type\":\"ListItem\",\"position\":2,\"name\":\"Sorgfaltspflichten\"}]},{\"@type\":\"WebSite\",\"@id\":\"https:\\\/\\\/www.chronoflex.ch\\\/#website\",\"url\":\"https:\\\/\\\/www.chronoflex.ch\\\/\",\"name\":\"CHRONO Flex Suisse\",\"description\":\"Hydraulic hoses on-site 24h\\\/7d\",\"potentialAction\":[{\"@type\":\"SearchAction\",\"target\":{\"@type\":\"EntryPoint\",\"urlTemplate\":\"https:\\\/\\\/www.chronoflex.ch\\\/?s={search_term_string}\"},\"query-input\":{\"@type\":\"PropertyValueSpecification\",\"valueRequired\":true,\"valueName\":\"search_term_string\"}}],\"inLanguage\":\"en-US\"}]}<\/script>\n<!-- \/ Yoast SEO plugin. -->","yoast_head_json":{"title":"Sorgfaltspflichten - CHRONO Flex Suisse","robots":{"index":"index","follow":"follow","max-snippet":"max-snippet:-1","max-image-preview":"max-image-preview:large","max-video-preview":"max-video-preview:-1"},"canonical":"https:\/\/www.chronoflex.ch\/en\/sorgfaltspflichten\/","og_locale":"en_US","og_type":"article","og_title":"Sorgfaltspflichten - CHRONO Flex Suisse","og_description":"Sorgfaltspflichten in der Lieferkette (VSoTr)In Bezug auf die VSoTR stellen wir folgende erweiterte Informationen zur Verf\u00fcgung: Betreffend Mineralien und Metallen aus KonfliktgebietenDie Chronoflex Schweiz AG bezieht keine Mineralien und Metalle in der vorgegebenen Charakteristik,welche gem\u00e4ss VSoTr berichterstattungspflichtig w\u00e4ren. Dies wird durch die Einkaufsabteilung j\u00e4hrlichanhand der im Anhang zur VSoTR ausgewiesenen Zolltarifnummern der spezifischen Materialienkontrolliert. Somit [&hellip;]","og_url":"https:\/\/www.chronoflex.ch\/en\/sorgfaltspflichten\/","og_site_name":"CHRONO Flex Suisse","article_modified_time":"2024-07-15T09:12:04+00:00","twitter_card":"summary_large_image","twitter_misc":{"Est. reading time":"2 minutes"},"schema":{"@context":"https:\/\/schema.org","@graph":[{"@type":"WebPage","@id":"https:\/\/www.chronoflex.ch\/en\/sorgfaltspflichten\/","url":"https:\/\/www.chronoflex.ch\/en\/sorgfaltspflichten\/","name":"Sorgfaltspflichten - CHRONO Flex Suisse","isPartOf":{"@id":"https:\/\/www.chronoflex.ch\/#website"},"datePublished":"2024-07-15T08:51:39+00:00","dateModified":"2024-07-15T09:12:04+00:00","breadcrumb":{"@id":"https:\/\/www.chronoflex.ch\/en\/sorgfaltspflichten\/#breadcrumb"},"inLanguage":"en-US","potentialAction":[{"@type":"ReadAction","target":["https:\/\/www.chronoflex.ch\/en\/sorgfaltspflichten\/"]}]},{"@type":"BreadcrumbList","@id":"https:\/\/www.chronoflex.ch\/en\/sorgfaltspflichten\/#breadcrumb","itemListElement":[{"@type":"ListItem","position":1,"name":"Home","item":"https:\/\/www.chronoflex.ch\/en\/"},{"@type":"ListItem","position":2,"name":"Sorgfaltspflichten"}]},{"@type":"WebSite","@id":"https:\/\/www.chronoflex.ch\/#website","url":"https:\/\/www.chronoflex.ch\/","name":"CHRONO Flex Suisse","description":"Hydraulic hoses on-site 24h\/7d","potentialAction":[{"@type":"SearchAction","target":{"@type":"EntryPoint","urlTemplate":"https:\/\/www.chronoflex.ch\/?s={search_term_string}"},"query-input":{"@type":"PropertyValueSpecification","valueRequired":true,"valueName":"search_term_string"}}],"inLanguage":"en-US"}]}},"_links":{"self":[{"href":"https:\/\/www.chronoflex.ch\/en\/wp-json\/wp\/v2\/pages\/4182","targetHints":{"allow":["GET"]}}],"collection":[{"href":"https:\/\/www.chronoflex.ch\/en\/wp-json\/wp\/v2\/pages"}],"about":[{"href":"https:\/\/www.chronoflex.ch\/en\/wp-json\/wp\/v2\/types\/page"}],"author":[{"embeddable":true,"href":"https:\/\/www.chronoflex.ch\/en\/wp-json\/wp\/v2\/users\/1"}],"replies":[{"embeddable":true,"href":"https:\/\/www.chronoflex.ch\/en\/wp-json\/wp\/v2\/comments?post=4182"}],"version-history":[{"count":1,"href":"https:\/\/www.chronoflex.ch\/en\/wp-json\/wp\/v2\/pages\/4182\/revisions"}],"predecessor-version":[{"id":4183,"href":"https:\/\/www.chronoflex.ch\/en\/wp-json\/wp\/v2\/pages\/4182\/revisions\/4183"}],"wp:attachment":[{"href":"https:\/\/www.chronoflex.ch\/en\/wp-json\/wp\/v2\/media?parent=4182"}],"curies":[{"name":"wp","href":"https:\/\/api.w.org\/{rel}","templated":true}]}}