{"id":359,"date":"2017-03-30T11:41:14","date_gmt":"2017-03-30T09:41:14","guid":{"rendered":"http:\/\/www.chronoflex.ch\/join-us\/technicien-itinerant\/"},"modified":"2018-03-09T08:54:45","modified_gmt":"2018-03-09T07:54:45","slug":"technicien-itinerant","status":"publish","type":"page","link":"https:\/\/www.chronoflex.ch\/en\/join-us\/technicien-itinerant\/","title":{"rendered":"Technicien itin\u00e9rant \/ Conseiller technique Montreux &#8211; Sion"},"content":{"rendered":"<p>Nous sommes sp\u00e9cialis\u00e9s sur les r\u00e9parations des flexibles hydrauliques principalement dans le secteur de la construction, des travaux publics\u00a0 de l&#8217;industrie, et services.<br \/>\n<span lang=\"FR\">Nos 18\u00a0techniciens itin\u00e9rants d\u00e9pannent en moins de deux heures les machines de nos clients.\u00a0<\/span><\/p>\n<p><span lang=\"FR\">Nous sommes en pleine expansion, avec de nouveaux march\u00e9s.<\/span><\/p>\n<p><strong>Vos attributions:<\/strong><br \/>\n\u2022\u00a0Fabrication des flexibles hydrauliques dans un bus atelier<br \/>\n\u2022\u00a0Accompagnement et consultation des clients dans la r\u00e9gion Montreux &#8211; Sion<br \/>\n\u2022 Acquisition des nouveaux clients<br \/>\n\u2022 Logistique (dans le propre camion de d\u00e9pannage)<\/p>\n<p><strong>Chronoflex propose:<\/strong><br \/>\n\u2022\u00a0Du travail vari\u00e9 et int\u00e9ressant<br \/>\n\u2022\u00a0M\u00e9tier ind\u00e9pendant et diversifi\u00e9<br \/>\n\u2022\u00a0Team dynamique<\/p>\n<p>Avons-nous r\u00e9veill\u00e9 votre int\u00e9r\u00eat? Envoyez-nous votre candidature<\/p>\n<p><span style=\"color: #000000;\">\u00a0<\/span><\/p>\n","protected":false},"excerpt":{"rendered":"<p>Nous sommes sp\u00e9cialis\u00e9s sur les r\u00e9parations des flexibles hydrauliques principalement dans le secteur de la construction, des travaux publics\u00a0 de l&#8217;industrie, et services. Nos 18\u00a0techniciens itin\u00e9rants d\u00e9pannent en moins de deux heures les machines de nos clients.\u00a0 Nous sommes en pleine expansion, avec de nouveaux march\u00e9s. Vos attributions: \u2022\u00a0Fabrication des flexibles hydrauliques dans un bus [&hellip;]<\/p>\n","protected":false},"author":1,"featured_media":0,"parent":352,"menu_order":0,"comment_status":"closed","ping_status":"closed","template":"","meta":{"_et_pb_use_builder":"","_et_pb_old_content":"","_et_gb_content_width":"","footnotes":""},"class_list":["post-359","page","type-page","status-publish","hentry"],"yoast_head":"<!-- This site is optimized with the Yoast SEO plugin v27.5 - https:\/\/yoast.com\/product\/yoast-seo-wordpress\/ -->\n<title>Technicien itin\u00e9rant \/ Conseiller technique Montreux - Sion - CHRONO Flex Suisse<\/title>\n<meta name=\"robots\" content=\"index, follow, max-snippet:-1, max-image-preview:large, max-video-preview:-1\" \/>\n<link rel=\"canonical\" href=\"https:\/\/www.chronoflex.ch\/en\/join-us\/technicien-itinerant\/\" \/>\n<meta property=\"og:locale\" content=\"en_US\" \/>\n<meta property=\"og:type\" content=\"article\" \/>\n<meta property=\"og:title\" content=\"Technicien itin\u00e9rant \/ Conseiller technique Montreux - Sion - CHRONO Flex Suisse\" \/>\n<meta property=\"og:description\" content=\"Nous sommes sp\u00e9cialis\u00e9s sur les r\u00e9parations des flexibles hydrauliques principalement dans le secteur de la construction, des travaux publics\u00a0 de l&#8217;industrie, et services. Nos 18\u00a0techniciens itin\u00e9rants d\u00e9pannent en moins de deux heures les machines de nos clients.\u00a0 Nous sommes en pleine expansion, avec de nouveaux march\u00e9s. Vos attributions: \u2022\u00a0Fabrication des flexibles hydrauliques dans un bus [&hellip;]\" \/>\n<meta property=\"og:url\" content=\"https:\/\/www.chronoflex.ch\/en\/join-us\/technicien-itinerant\/\" \/>\n<meta property=\"og:site_name\" content=\"CHRONO Flex Suisse\" \/>\n<meta property=\"article:modified_time\" content=\"2018-03-09T07:54:45+00:00\" \/>\n<meta name=\"twitter:card\" content=\"summary_large_image\" \/>\n<meta name=\"twitter:label1\" content=\"Est. reading time\" \/>\n\t<meta name=\"twitter:data1\" content=\"1 minute\" \/>\n<script type=\"application\/ld+json\" class=\"yoast-schema-graph\">{\"@context\":\"https:\\\/\\\/schema.org\",\"@graph\":[{\"@type\":\"WebPage\",\"@id\":\"https:\\\/\\\/www.chronoflex.ch\\\/en\\\/join-us\\\/technicien-itinerant\\\/\",\"url\":\"https:\\\/\\\/www.chronoflex.ch\\\/en\\\/join-us\\\/technicien-itinerant\\\/\",\"name\":\"Technicien itin\u00e9rant \\\/ Conseiller technique Montreux - Sion - CHRONO Flex Suisse\",\"isPartOf\":{\"@id\":\"https:\\\/\\\/www.chronoflex.ch\\\/#website\"},\"datePublished\":\"2017-03-30T09:41:14+00:00\",\"dateModified\":\"2018-03-09T07:54:45+00:00\",\"breadcrumb\":{\"@id\":\"https:\\\/\\\/www.chronoflex.ch\\\/en\\\/join-us\\\/technicien-itinerant\\\/#breadcrumb\"},\"inLanguage\":\"en-US\",\"potentialAction\":[{\"@type\":\"ReadAction\",\"target\":[\"https:\\\/\\\/www.chronoflex.ch\\\/en\\\/join-us\\\/technicien-itinerant\\\/\"]}]},{\"@type\":\"BreadcrumbList\",\"@id\":\"https:\\\/\\\/www.chronoflex.ch\\\/en\\\/join-us\\\/technicien-itinerant\\\/#breadcrumb\",\"itemListElement\":[{\"@type\":\"ListItem\",\"position\":1,\"name\":\"Home\",\"item\":\"https:\\\/\\\/www.chronoflex.ch\\\/en\\\/\"},{\"@type\":\"ListItem\",\"position\":2,\"name\":\"Join us\",\"item\":\"https:\\\/\\\/www.chronoflex.ch\\\/en\\\/join-us\\\/\"},{\"@type\":\"ListItem\",\"position\":3,\"name\":\"Technicien itin\u00e9rant \\\/ Conseiller technique Montreux &#8211; Sion\"}]},{\"@type\":\"WebSite\",\"@id\":\"https:\\\/\\\/www.chronoflex.ch\\\/#website\",\"url\":\"https:\\\/\\\/www.chronoflex.ch\\\/\",\"name\":\"CHRONO Flex Suisse\",\"description\":\"Hydraulic hoses on-site 24h\\\/7d\",\"potentialAction\":[{\"@type\":\"SearchAction\",\"target\":{\"@type\":\"EntryPoint\",\"urlTemplate\":\"https:\\\/\\\/www.chronoflex.ch\\\/?s={search_term_string}\"},\"query-input\":{\"@type\":\"PropertyValueSpecification\",\"valueRequired\":true,\"valueName\":\"search_term_string\"}}],\"inLanguage\":\"en-US\"}]}<\/script>\n<!-- \/ Yoast SEO plugin. -->","yoast_head_json":{"title":"Technicien itin\u00e9rant \/ Conseiller technique Montreux - Sion - CHRONO Flex Suisse","robots":{"index":"index","follow":"follow","max-snippet":"max-snippet:-1","max-image-preview":"max-image-preview:large","max-video-preview":"max-video-preview:-1"},"canonical":"https:\/\/www.chronoflex.ch\/en\/join-us\/technicien-itinerant\/","og_locale":"en_US","og_type":"article","og_title":"Technicien itin\u00e9rant \/ Conseiller technique Montreux - Sion - CHRONO Flex Suisse","og_description":"Nous sommes sp\u00e9cialis\u00e9s sur les r\u00e9parations des flexibles hydrauliques principalement dans le secteur de la construction, des travaux publics\u00a0 de l&#8217;industrie, et services. Nos 18\u00a0techniciens itin\u00e9rants d\u00e9pannent en moins de deux heures les machines de nos clients.\u00a0 Nous sommes en pleine expansion, avec de nouveaux march\u00e9s. Vos attributions: \u2022\u00a0Fabrication des flexibles hydrauliques dans un bus [&hellip;]","og_url":"https:\/\/www.chronoflex.ch\/en\/join-us\/technicien-itinerant\/","og_site_name":"CHRONO Flex Suisse","article_modified_time":"2018-03-09T07:54:45+00:00","twitter_card":"summary_large_image","twitter_misc":{"Est. reading time":"1 minute"},"schema":{"@context":"https:\/\/schema.org","@graph":[{"@type":"WebPage","@id":"https:\/\/www.chronoflex.ch\/en\/join-us\/technicien-itinerant\/","url":"https:\/\/www.chronoflex.ch\/en\/join-us\/technicien-itinerant\/","name":"Technicien itin\u00e9rant \/ Conseiller technique Montreux - Sion - CHRONO Flex Suisse","isPartOf":{"@id":"https:\/\/www.chronoflex.ch\/#website"},"datePublished":"2017-03-30T09:41:14+00:00","dateModified":"2018-03-09T07:54:45+00:00","breadcrumb":{"@id":"https:\/\/www.chronoflex.ch\/en\/join-us\/technicien-itinerant\/#breadcrumb"},"inLanguage":"en-US","potentialAction":[{"@type":"ReadAction","target":["https:\/\/www.chronoflex.ch\/en\/join-us\/technicien-itinerant\/"]}]},{"@type":"BreadcrumbList","@id":"https:\/\/www.chronoflex.ch\/en\/join-us\/technicien-itinerant\/#breadcrumb","itemListElement":[{"@type":"ListItem","position":1,"name":"Home","item":"https:\/\/www.chronoflex.ch\/en\/"},{"@type":"ListItem","position":2,"name":"Join us","item":"https:\/\/www.chronoflex.ch\/en\/join-us\/"},{"@type":"ListItem","position":3,"name":"Technicien itin\u00e9rant \/ Conseiller technique Montreux &#8211; Sion"}]},{"@type":"WebSite","@id":"https:\/\/www.chronoflex.ch\/#website","url":"https:\/\/www.chronoflex.ch\/","name":"CHRONO Flex Suisse","description":"Hydraulic hoses on-site 24h\/7d","potentialAction":[{"@type":"SearchAction","target":{"@type":"EntryPoint","urlTemplate":"https:\/\/www.chronoflex.ch\/?s={search_term_string}"},"query-input":{"@type":"PropertyValueSpecification","valueRequired":true,"valueName":"search_term_string"}}],"inLanguage":"en-US"}]}},"_links":{"self":[{"href":"https:\/\/www.chronoflex.ch\/en\/wp-json\/wp\/v2\/pages\/359","targetHints":{"allow":["GET"]}}],"collection":[{"href":"https:\/\/www.chronoflex.ch\/en\/wp-json\/wp\/v2\/pages"}],"about":[{"href":"https:\/\/www.chronoflex.ch\/en\/wp-json\/wp\/v2\/types\/page"}],"author":[{"embeddable":true,"href":"https:\/\/www.chronoflex.ch\/en\/wp-json\/wp\/v2\/users\/1"}],"replies":[{"embeddable":true,"href":"https:\/\/www.chronoflex.ch\/en\/wp-json\/wp\/v2\/comments?post=359"}],"version-history":[{"count":16,"href":"https:\/\/www.chronoflex.ch\/en\/wp-json\/wp\/v2\/pages\/359\/revisions"}],"predecessor-version":[{"id":1069,"href":"https:\/\/www.chronoflex.ch\/en\/wp-json\/wp\/v2\/pages\/359\/revisions\/1069"}],"up":[{"embeddable":true,"href":"https:\/\/www.chronoflex.ch\/en\/wp-json\/wp\/v2\/pages\/352"}],"wp:attachment":[{"href":"https:\/\/www.chronoflex.ch\/en\/wp-json\/wp\/v2\/media?parent=359"}],"curies":[{"name":"wp","href":"https:\/\/api.w.org\/{rel}","templated":true}]}}